{"id":2358,"date":"2024-07-18T18:15:46","date_gmt":"2024-07-18T18:15:46","guid":{"rendered":"https:\/\/osfer.com.br\/?page_id=2358"},"modified":"2024-07-19T18:52:06","modified_gmt":"2024-07-19T18:52:06","slug":"doacoes-internacionais","status":"publish","type":"page","link":"https:\/\/osfer.com.br\/?page_id=2358","title":{"rendered":"DOA\u00c7\u00d5ES INTERNACIONAIS"},"content":{"rendered":"\t\t<div data-elementor-type=\"wp-page\" data-elementor-id=\"2358\" class=\"elementor elementor-2358\">\n\t\t\t\t\t\t\t<div class=\"elementor-element elementor-element-f3a061e e-con-full e-flex parallax_section_no qode_elementor_container_no e-con e-parent\" data-id=\"f3a061e\" data-element_type=\"container\" data-settings=\"{&quot;content_width&quot;:&quot;full&quot;}\" data-core-v316-plus=\"true\">\n\t\t<div class=\"elementor-element elementor-element-47437e1 e-con-full e-flex parallax_section_no qode_elementor_container_no e-con e-child\" data-id=\"47437e1\" data-element_type=\"container\" data-settings=\"{&quot;content_width&quot;:&quot;full&quot;}\">\n\t\t<div class=\"elementor-element elementor-element-1732160 e-con-full e-flex parallax_section_no qode_elementor_container_no e-con e-child\" data-id=\"1732160\" data-element_type=\"container\" data-settings=\"{&quot;content_width&quot;:&quot;full&quot;}\">\n\t\t<div class=\"elementor-element elementor-element-635be7a e-flex e-con-boxed parallax_section_no qode_elementor_container_no e-con e-child\" data-id=\"635be7a\" data-element_type=\"container\" data-settings=\"{&quot;content_width&quot;:&quot;boxed&quot;}\">\n\t\t\t\t\t<div class=\"e-con-inner\">\n\t\t\t\t<div class=\"elementor-element elementor-element-02d1dc0 elementor-widget elementor-widget-heading\" data-id=\"02d1dc0\" data-element_type=\"widget\" data-widget_type=\"heading.default\">\n\t\t\t\t<div class=\"elementor-widget-container\">\n\t\t\t<style>\/*! elementor - v3.18.0 - 20-12-2023 *\/\n.elementor-heading-title{padding:0;margin:0;line-height:1}.elementor-widget-heading .elementor-heading-title[class*=elementor-size-]>a{color:inherit;font-size:inherit;line-height:inherit}.elementor-widget-heading .elementor-heading-title.elementor-size-small{font-size:15px}.elementor-widget-heading .elementor-heading-title.elementor-size-medium{font-size:19px}.elementor-widget-heading .elementor-heading-title.elementor-size-large{font-size:29px}.elementor-widget-heading .elementor-heading-title.elementor-size-xl{font-size:39px}.elementor-widget-heading .elementor-heading-title.elementor-size-xxl{font-size:59px}<\/style><h2 class=\"elementor-heading-title elementor-size-large\">Doa\u00e7\u00f5es Internacionais!<\/h2>\t\t<\/div>\n\t\t\t\t<\/div>\n\t\t\t\t\t<\/div>\n\t\t\t\t<\/div>\n\t\t\t\t<div class=\"elementor-element elementor-element-4ff72f3 elementor-widget elementor-widget-image\" data-id=\"4ff72f3\" data-element_type=\"widget\" data-widget_type=\"image.default\">\n\t\t\t\t<div class=\"elementor-widget-container\">\n\t\t\t<style>\/*! elementor - v3.18.0 - 20-12-2023 *\/\n.elementor-widget-image{text-align:center}.elementor-widget-image a{display:inline-block}.elementor-widget-image a img[src$=\".svg\"]{width:48px}.elementor-widget-image img{vertical-align:middle;display:inline-block}<\/style>\t\t\t\t\t\t\t\t\t\t\t\t<img decoding=\"async\" src=\"https:\/\/osfer.com.br\/wp-content\/uploads\/elementor\/thumbs\/IRS3442-r0b5z6nxejoduks3j9paxahfy37rkf93lf9llduh88.jpg\" title=\"_IRS3442\" alt=\"_IRS3442\" loading=\"lazy\" \/>\t\t\t\t\t\t\t\t\t\t\t\t\t\t\t<\/div>\n\t\t\t\t<\/div>\n\t\t<div class=\"elementor-element elementor-element-c001a4f e-con-full e-flex parallax_section_no qode_elementor_container_no e-con e-child\" data-id=\"c001a4f\" data-element_type=\"container\" data-settings=\"{&quot;content_width&quot;:&quot;full&quot;}\">\n\t\t\t\t<div class=\"elementor-element elementor-element-87761b8 elementor-widget elementor-widget-text-editor\" data-id=\"87761b8\" data-element_type=\"widget\" data-widget_type=\"text-editor.default\">\n\t\t\t\t<div class=\"elementor-widget-container\">\n\t\t\t<style>\/*! elementor - v3.18.0 - 20-12-2023 *\/\n.elementor-widget-text-editor.elementor-drop-cap-view-stacked .elementor-drop-cap{background-color:#69727d;color:#fff}.elementor-widget-text-editor.elementor-drop-cap-view-framed .elementor-drop-cap{color:#69727d;border:3px solid;background-color:transparent}.elementor-widget-text-editor:not(.elementor-drop-cap-view-default) .elementor-drop-cap{margin-top:8px}.elementor-widget-text-editor:not(.elementor-drop-cap-view-default) .elementor-drop-cap-letter{width:1em;height:1em}.elementor-widget-text-editor .elementor-drop-cap{float:left;text-align:center;line-height:1;font-size:50px}.elementor-widget-text-editor .elementor-drop-cap-letter{display:inline-block}<\/style>\t\t\t\t<span style=\"font-family: 'Open Sans', Arial, sans-serif; font-size: 14px; background-color: #ffffff; color: #656565;\">Proporcionar novas perspectivas pessoais, sociais e comunit\u00e1rias por meio da educa\u00e7\u00e3o musical de qualidade, aliada a uma interven\u00e7\u00e3o social transformadora, \u00e9 a miss\u00e3o da OSFER. Pessoas de todo lugar do mundo podem contribuir para avan\u00e7armos nessa miss\u00e3o. Doe agora de onde estiver. Entre <\/span><a style=\"font-family: 'Open Sans', Arial, sans-serif; font-size: 14px; background-color: #ffffff; color: #33cccc;\" href=\"\/orquestrafernandopolis\/?page_id=2427\" target=\"_blank\" rel=\"noopener\">em contato<\/a>.\t\t\t\t\t\t<\/div>\n\t\t\t\t<\/div>\n\t\t\t\t<\/div>\n\t\t\t\t<\/div>\n\t\t\t\t<\/div>\n\t\t\t\t<\/div>\n\t\t\t\t\t\t\t<\/div>\n\t\t","protected":false},"excerpt":{"rendered":"<p>Doa\u00e7\u00f5es Internacionais! Proporcionar novas perspectivas pessoais, sociais e comunit\u00e1rias por meio da educa\u00e7\u00e3o musical de qualidade, aliada a uma interven\u00e7\u00e3o social transformadora, \u00e9 a miss\u00e3o da OSFER. Pessoas de todo lugar do mundo podem contribuir para avan\u00e7armos nessa miss\u00e3o. Doe agora de onde estiver. Entre&#8230;<\/p>\n","protected":false},"author":1,"featured_media":0,"parent":0,"menu_order":0,"comment_status":"closed","ping_status":"closed","template":"elementor_header_footer","meta":{"content-type":"","footnotes":""},"class_list":["post-2358","page","type-page","status-publish","hentry"],"_links":{"self":[{"href":"https:\/\/osfer.com.br\/index.php?rest_route=\/wp\/v2\/pages\/2358","targetHints":{"allow":["GET"]}}],"collection":[{"href":"https:\/\/osfer.com.br\/index.php?rest_route=\/wp\/v2\/pages"}],"about":[{"href":"https:\/\/osfer.com.br\/index.php?rest_route=\/wp\/v2\/types\/page"}],"author":[{"embeddable":true,"href":"https:\/\/osfer.com.br\/index.php?rest_route=\/wp\/v2\/users\/1"}],"replies":[{"embeddable":true,"href":"https:\/\/osfer.com.br\/index.php?rest_route=%2Fwp%2Fv2%2Fcomments&post=2358"}],"version-history":[{"count":16,"href":"https:\/\/osfer.com.br\/index.php?rest_route=\/wp\/v2\/pages\/2358\/revisions"}],"predecessor-version":[{"id":2648,"href":"https:\/\/osfer.com.br\/index.php?rest_route=\/wp\/v2\/pages\/2358\/revisions\/2648"}],"wp:attachment":[{"href":"https:\/\/osfer.com.br\/index.php?rest_route=%2Fwp%2Fv2%2Fmedia&parent=2358"}],"curies":[{"name":"wp","href":"https:\/\/api.w.org\/{rel}","templated":true}]}}