{"id":2374,"date":"2024-07-18T18:15:33","date_gmt":"2024-07-18T18:15:33","guid":{"rendered":"https:\/\/osfer.com.br\/?page_id=2374"},"modified":"2024-07-19T18:41:06","modified_gmt":"2024-07-19T18:41:06","slug":"doe-por-testamento-e-endowment","status":"publish","type":"page","link":"https:\/\/osfer.com.br\/?page_id=2374","title":{"rendered":"DOE POR TESTAMENTO E ENDOWMENT"},"content":{"rendered":"\t\t<div data-elementor-type=\"wp-page\" data-elementor-id=\"2374\" class=\"elementor elementor-2374\">\n\t\t\t\t\t\t\t<div class=\"elementor-element elementor-element-1c54d1c e-flex e-con-boxed parallax_section_no qode_elementor_container_no e-con e-parent\" data-id=\"1c54d1c\" data-element_type=\"container\" data-settings=\"{&quot;content_width&quot;:&quot;boxed&quot;}\" data-core-v316-plus=\"true\">\n\t\t\t\t\t<div class=\"e-con-inner\">\n\t\t<div class=\"elementor-element elementor-element-a56fd42 e-flex e-con-boxed parallax_section_no qode_elementor_container_no e-con e-child\" data-id=\"a56fd42\" data-element_type=\"container\" data-settings=\"{&quot;content_width&quot;:&quot;boxed&quot;}\">\n\t\t\t\t\t<div class=\"e-con-inner\">\n\t\t\t\t<div class=\"elementor-element elementor-element-9c2f970 elementor-widget elementor-widget-heading\" data-id=\"9c2f970\" data-element_type=\"widget\" data-widget_type=\"heading.default\">\n\t\t\t\t<div class=\"elementor-widget-container\">\n\t\t\t<style>\/*! elementor - v3.18.0 - 20-12-2023 *\/\n.elementor-heading-title{padding:0;margin:0;line-height:1}.elementor-widget-heading .elementor-heading-title[class*=elementor-size-]>a{color:inherit;font-size:inherit;line-height:inherit}.elementor-widget-heading .elementor-heading-title.elementor-size-small{font-size:15px}.elementor-widget-heading .elementor-heading-title.elementor-size-medium{font-size:19px}.elementor-widget-heading .elementor-heading-title.elementor-size-large{font-size:29px}.elementor-widget-heading .elementor-heading-title.elementor-size-xl{font-size:39px}.elementor-widget-heading .elementor-heading-title.elementor-size-xxl{font-size:59px}<\/style><h2 class=\"elementor-heading-title elementor-size-large\">DOE POR TESTAMENTO E ENDOWMENT<\/h2>\t\t<\/div>\n\t\t\t\t<\/div>\n\t\t\t\t\t<\/div>\n\t\t\t\t<\/div>\n\t\t<div class=\"elementor-element elementor-element-a8f0da9 e-flex e-con-boxed parallax_section_no qode_elementor_container_no e-con e-child\" data-id=\"a8f0da9\" data-element_type=\"container\" data-settings=\"{&quot;content_width&quot;:&quot;boxed&quot;}\">\n\t\t\t\t\t<div class=\"e-con-inner\">\n\t\t<div class=\"elementor-element elementor-element-f563707 e-con-full e-flex parallax_section_no qode_elementor_container_no e-con e-child\" data-id=\"f563707\" data-element_type=\"container\" data-settings=\"{&quot;content_width&quot;:&quot;full&quot;}\">\n\t\t\t\t<div class=\"elementor-element elementor-element-13e8db8 elementor-widget elementor-widget-image\" data-id=\"13e8db8\" data-element_type=\"widget\" data-widget_type=\"image.default\">\n\t\t\t\t<div class=\"elementor-widget-container\">\n\t\t\t<style>\/*! elementor - v3.18.0 - 20-12-2023 *\/\n.elementor-widget-image{text-align:center}.elementor-widget-image a{display:inline-block}.elementor-widget-image a img[src$=\".svg\"]{width:48px}.elementor-widget-image img{vertical-align:middle;display:inline-block}<\/style>\t\t\t\t\t\t\t\t\t\t\t\t<img decoding=\"async\" src=\"https:\/\/osfer.com.br\/wp-content\/uploads\/elementor\/thumbs\/IRS3397-1-r0b5z6nxejoduks3j9paxahfy37rkf93lf9llduh88.jpg\" title=\"_IRS3397\" alt=\"_IRS3397\" loading=\"lazy\" \/>\t\t\t\t\t\t\t\t\t\t\t\t\t\t\t<\/div>\n\t\t\t\t<\/div>\n\t\t<div class=\"elementor-element elementor-element-1d16af9 e-con-full e-flex parallax_section_no qode_elementor_container_no e-con e-child\" data-id=\"1d16af9\" data-element_type=\"container\" data-settings=\"{&quot;content_width&quot;:&quot;full&quot;}\">\n\t\t\t\t<div class=\"elementor-element elementor-element-33efbd4 elementor-widget elementor-widget-text-editor\" data-id=\"33efbd4\" data-element_type=\"widget\" data-widget_type=\"text-editor.default\">\n\t\t\t\t<div class=\"elementor-widget-container\">\n\t\t\t<style>\/*! elementor - v3.18.0 - 20-12-2023 *\/\n.elementor-widget-text-editor.elementor-drop-cap-view-stacked .elementor-drop-cap{background-color:#69727d;color:#fff}.elementor-widget-text-editor.elementor-drop-cap-view-framed .elementor-drop-cap{color:#69727d;border:3px solid;background-color:transparent}.elementor-widget-text-editor:not(.elementor-drop-cap-view-default) .elementor-drop-cap{margin-top:8px}.elementor-widget-text-editor:not(.elementor-drop-cap-view-default) .elementor-drop-cap-letter{width:1em;height:1em}.elementor-widget-text-editor .elementor-drop-cap{float:left;text-align:center;line-height:1;font-size:50px}.elementor-widget-text-editor .elementor-drop-cap-letter{display:inline-block}<\/style>\t\t\t\t<span style=\"font-family: 'Open Sans', Arial, sans-serif; font-size: 14px; background-color: #ffffff; color: #000;\"><strong>A m\u00fasica transforma vidas, e voc\u00ea pode ajudar a manter essa melodia viva!<\/strong><\/span>\n<BR>\n<BR>\n<span style=\"font-family: 'Open Sans', Arial, sans-serif; font-size: 14px; background-color: #ffffff; color: #656565;\">A OSFER precisa de recursos financeiros para continuar seu trabalho de forma\u00e7\u00e3o humana por meio da educa\u00e7\u00e3o e cultura. Sua doa\u00e7\u00e3o hoje pode transformar vidas no futuro. Deixe seu legado e fa\u00e7a a diferen\u00e7a!\nPara doar parte de sua heran\u00e7a, siga estes tr\u00eas passos simples:<\/span>\n<BR>\n<ol>\n \t<li style=\"list-style-type: none;\">\n<ol>\n \t<li style=\"list-style-type: none;\">\n<ol>\n \t<li><span style=\"color: #656565;\"><span style=\"color: #656565;\"><strong>Decidir qual ser\u00e1 sua doa\u00e7\u00e3o;\n<\/strong><\/span><\/span>&nbsp;\n\n&nbsp;<\/li>\n \t<li><span style=\"color: #656565;\"><span style=\"color: #656565;\"><strong>Formalizar seu desejo em uma escritura p\u00fablica em testamento, que pode ser feita em cart\u00f3rio de notas de sua escolha;\n<\/strong><\/span><\/span>&nbsp;\n\n&nbsp;<\/li>\n \t<li><span style=\"color: #656565;\">Para realizar esse registro, ser\u00e1 necess\u00e1rio incluir os dados completos da OSFER, inscrita no CNPJ 51.844.827\/0001-12. Endere\u00e7o: Avenida Rosalvo Aderaldo, 768, <\/span><span style=\"color: #656565;\"><span style=\"color: #656565;\"><strong>Vila Esplanada, Fernand\u00f3polis &#8211; SP, 15601-038;\n<\/strong><\/span><\/span>&nbsp;\n\n<\/li>\n \t<li><span style=\"color: #656565;\"><strong>Enviar uma c\u00f3pia do testamento para\u00a0 <a style=\"color: #33cccc;\" href=\"mailto:osfer@osfer.com.br\" target=\"_blank\" rel=\"noreferrer noopener\">osfer@osfer.com.br<\/a> Arquivaremos sua doa\u00e7\u00e3o de forma sigilosa.<\/strong><\/span><\/li>\n<\/ol>\n<\/li>\n<\/ol>\n<\/li>\n<\/ol>\t\t\t\t\t\t<\/div>\n\t\t\t\t<\/div>\n\t\t\t\t<\/div>\n\t\t\t\t<\/div>\n\t\t\t\t\t<\/div>\n\t\t\t\t<\/div>\n\t\t\t\t\t<\/div>\n\t\t\t\t<\/div>\n\t\t\t\t\t\t\t<\/div>\n\t\t","protected":false},"excerpt":{"rendered":"<p>DOE POR TESTAMENTO E ENDOWMENT A m\u00fasica transforma vidas, e voc\u00ea pode ajudar a manter essa melodia viva! A OSFER precisa de recursos financeiros para continuar seu trabalho de forma\u00e7\u00e3o humana por meio da educa\u00e7\u00e3o e cultura. Sua doa\u00e7\u00e3o hoje pode transformar vidas no futuro&#8230;.<\/p>\n","protected":false},"author":1,"featured_media":0,"parent":0,"menu_order":0,"comment_status":"closed","ping_status":"closed","template":"elementor_header_footer","meta":{"content-type":"","footnotes":""},"class_list":["post-2374","page","type-page","status-publish","hentry"],"_links":{"self":[{"href":"https:\/\/osfer.com.br\/index.php?rest_route=\/wp\/v2\/pages\/2374","targetHints":{"allow":["GET"]}}],"collection":[{"href":"https:\/\/osfer.com.br\/index.php?rest_route=\/wp\/v2\/pages"}],"about":[{"href":"https:\/\/osfer.com.br\/index.php?rest_route=\/wp\/v2\/types\/page"}],"author":[{"embeddable":true,"href":"https:\/\/osfer.com.br\/index.php?rest_route=\/wp\/v2\/users\/1"}],"replies":[{"embeddable":true,"href":"https:\/\/osfer.com.br\/index.php?rest_route=%2Fwp%2Fv2%2Fcomments&post=2374"}],"version-history":[{"count":19,"href":"https:\/\/osfer.com.br\/index.php?rest_route=\/wp\/v2\/pages\/2374\/revisions"}],"predecessor-version":[{"id":2645,"href":"https:\/\/osfer.com.br\/index.php?rest_route=\/wp\/v2\/pages\/2374\/revisions\/2645"}],"wp:attachment":[{"href":"https:\/\/osfer.com.br\/index.php?rest_route=%2Fwp%2Fv2%2Fmedia&parent=2374"}],"curies":[{"name":"wp","href":"https:\/\/api.w.org\/{rel}","templated":true}]}}