{"id":2383,"date":"2024-07-18T18:14:39","date_gmt":"2024-07-18T18:14:39","guid":{"rendered":"https:\/\/osfer.com.br\/?page_id=2383"},"modified":"2024-07-19T18:26:03","modified_gmt":"2024-07-19T18:26:03","slug":"doacao-por-imposto-de-renda","status":"publish","type":"page","link":"https:\/\/osfer.com.br\/?page_id=2383","title":{"rendered":"DOA\u00c7\u00c3O POR IMPOSTO DE RENDA"},"content":{"rendered":"\t\t<div data-elementor-type=\"wp-page\" data-elementor-id=\"2383\" class=\"elementor elementor-2383\">\n\t\t\t\t\t\t\t<div class=\"elementor-element elementor-element-7e9fba7 e-con-full e-flex parallax_section_no qode_elementor_container_no e-con e-parent\" data-id=\"7e9fba7\" data-element_type=\"container\" data-settings=\"{&quot;content_width&quot;:&quot;full&quot;}\" data-core-v316-plus=\"true\">\n\t\t<div class=\"elementor-element elementor-element-317a344 e-flex e-con-boxed parallax_section_no qode_elementor_container_no e-con e-child\" data-id=\"317a344\" data-element_type=\"container\" data-settings=\"{&quot;content_width&quot;:&quot;boxed&quot;}\">\n\t\t\t\t\t<div class=\"e-con-inner\">\n\t\t\t\t<div class=\"elementor-element elementor-element-a29d82c elementor-widget elementor-widget-heading\" data-id=\"a29d82c\" data-element_type=\"widget\" data-widget_type=\"heading.default\">\n\t\t\t\t<div class=\"elementor-widget-container\">\n\t\t\t<style>\/*! elementor - v3.18.0 - 20-12-2023 *\/\n.elementor-heading-title{padding:0;margin:0;line-height:1}.elementor-widget-heading .elementor-heading-title[class*=elementor-size-]>a{color:inherit;font-size:inherit;line-height:inherit}.elementor-widget-heading .elementor-heading-title.elementor-size-small{font-size:15px}.elementor-widget-heading .elementor-heading-title.elementor-size-medium{font-size:19px}.elementor-widget-heading .elementor-heading-title.elementor-size-large{font-size:29px}.elementor-widget-heading .elementor-heading-title.elementor-size-xl{font-size:39px}.elementor-widget-heading .elementor-heading-title.elementor-size-xxl{font-size:59px}<\/style><h1 class=\"elementor-heading-title elementor-size-large\">DOE COM O IMPOSTo DE RENDA<\/h1>\t\t<\/div>\n\t\t\t\t<\/div>\n\t\t\t\t\t<\/div>\n\t\t\t\t<\/div>\n\t\t<div class=\"elementor-element elementor-element-7f0fbf8 e-con-full e-flex parallax_section_no qode_elementor_container_no e-con e-child\" data-id=\"7f0fbf8\" data-element_type=\"container\" data-settings=\"{&quot;content_width&quot;:&quot;full&quot;}\">\n\t\t\t\t<div class=\"elementor-element elementor-element-208ed69 elementor-widget elementor-widget-image\" data-id=\"208ed69\" data-element_type=\"widget\" data-widget_type=\"image.default\">\n\t\t\t\t<div class=\"elementor-widget-container\">\n\t\t\t<style>\/*! elementor - v3.18.0 - 20-12-2023 *\/\n.elementor-widget-image{text-align:center}.elementor-widget-image a{display:inline-block}.elementor-widget-image a img[src$=\".svg\"]{width:48px}.elementor-widget-image img{vertical-align:middle;display:inline-block}<\/style>\t\t\t\t\t\t\t\t\t\t\t\t<img decoding=\"async\" src=\"https:\/\/osfer.com.br\/wp-content\/uploads\/elementor\/thumbs\/IRS3534-1-r0b5z6nxejoduks3j9paxahfy37rkf93lf9llduh88.jpg\" title=\"_IRS3534\" alt=\"_IRS3534\" loading=\"lazy\" \/>\t\t\t\t\t\t\t\t\t\t\t\t\t\t\t<\/div>\n\t\t\t\t<\/div>\n\t\t<div class=\"elementor-element elementor-element-8c36bb2 e-con-full e-flex parallax_section_no qode_elementor_container_no e-con e-child\" data-id=\"8c36bb2\" data-element_type=\"container\" data-settings=\"{&quot;content_width&quot;:&quot;full&quot;}\">\n\t\t\t\t<div class=\"elementor-element elementor-element-07bbb56 elementor-widget elementor-widget-text-editor\" data-id=\"07bbb56\" data-element_type=\"widget\" data-widget_type=\"text-editor.default\">\n\t\t\t\t<div class=\"elementor-widget-container\">\n\t\t\t<style>\/*! elementor - v3.18.0 - 20-12-2023 *\/\n.elementor-widget-text-editor.elementor-drop-cap-view-stacked .elementor-drop-cap{background-color:#69727d;color:#fff}.elementor-widget-text-editor.elementor-drop-cap-view-framed .elementor-drop-cap{color:#69727d;border:3px solid;background-color:transparent}.elementor-widget-text-editor:not(.elementor-drop-cap-view-default) .elementor-drop-cap{margin-top:8px}.elementor-widget-text-editor:not(.elementor-drop-cap-view-default) .elementor-drop-cap-letter{width:1em;height:1em}.elementor-widget-text-editor .elementor-drop-cap{float:left;text-align:center;line-height:1;font-size:50px}.elementor-widget-text-editor .elementor-drop-cap-letter{display:inline-block}<\/style>\t\t\t\t<span style=\"color: #656565; font-family: 'Open Sans', Arial, sans-serif; font-size: 14px;\">Seu imposto de renda pode transformar vidas. A legisla\u00e7\u00e3o brasileira, por meio da Lei de Incentivo \u00e0 Cultura (Rouanet), permite que voc\u00ea, pessoa f\u00edsica, destine at\u00e9 6% do seu imposto de renda devido para projetos culturais, desde que sua declara\u00e7\u00e3o de IRPF seja feita no modelo completo.<\/span> <span style=\"color: #656565; font-family: 'Open Sans', Arial, sans-serif; font-size: 14px;\">Direcione at\u00e9 6% do seu IR para a OSFER e contribua para a inclus\u00e3o sociocultural de milhares de crian\u00e7as e adolescentes.<\/span>\t\t\t\t\t\t<\/div>\n\t\t\t\t<\/div>\n\t\t\t\t<div class=\"elementor-element elementor-element-ff214e3 elementor-widget elementor-widget-text-editor\" data-id=\"ff214e3\" data-element_type=\"widget\" data-widget_type=\"text-editor.default\">\n\t\t\t\t<div class=\"elementor-widget-container\">\n\t\t\t\t\t\t\t<span style=\"color: #33cccc; font-family: 'Open Sans', Arial, sans-serif; font-size: 16px;\"><b>COMO DOAR?<\/b><\/span>\n<BR>\n<span style=\"color: #656565; font-family: 'Open Sans', Arial, sans-serif; font-size: 14px;\">Para doar, voc\u00ea deve fazer um TED\/DOC identificado diretamente na conta banc\u00e1ria do projeto ou plano anual. Tamb\u00e9m \u00e9 poss\u00edvel programar dep\u00f3sitos mensais identificados para a conta.<\/span> <span style=\"color: #656565; font-family: 'Open Sans', Arial, sans-serif; font-size: 14px;\">Os dados para dep\u00f3sito na conta do Plano Anual de Atividades da OSFER 2024  <\/span>\t\t\t\t\t\t<\/div>\n\t\t\t\t<\/div>\n\t\t\t\t<div class=\"elementor-element elementor-element-0003eae elementor-widget elementor-widget-text-editor\" data-id=\"0003eae\" data-element_type=\"widget\" data-widget_type=\"text-editor.default\">\n\t\t\t\t<div class=\"elementor-widget-container\">\n\t\t\t\t\t\t\t<span style=\"color: #33cccc; font-family: 'Open Sans', Arial, sans-serif; font-size: 16px;\"><b>PASSO A PASSO<\/b><\/span>\n<BR>\n<span style=\"color: #656565; font-family: 'Open Sans', Arial, sans-serif; font-size: 16px;\">\na) Para dep\u00f3sitos realizados diretamente pelo Banco do Brasil:\n<BR>\n1\u00b0 identificador: informar o CPF do doador;\n<BR>\n2\u00ba identificador: informar o c\u00f3digo 2 \u2013 Doa\u00e7\u00f5es\n<BR>\nb) Quando realizados em outra institui\u00e7\u00e3o financeira, por meio de DOC:\n<BR>\n1\u00ba Informar no campo finalidade os seguintes c\u00f3digos:\n<BR>\n20 \u2013 Doa\u00e7\u00f5es Lei Rouanet\n<BR>\nc) Quando realizados em outra institui\u00e7\u00e3o financeira, por meio de TED:\n<BR>\n1\u00ba Informar, no campo finalidade, os seguintes c\u00f3digos:\n<BR>\nCliente: finlddcli \u2013 44 \u2013 Lei Rouanet \u2013 Doa\u00e7\u00e3o (transfer\u00eancias realizadas pelos clientes)\n<BR>\nAten\u00e7\u00e3o! \u00c9 poss\u00edvel que, dependendo do sistema de internet banking, o c\u00f3digo de finalidade da TED n\u00e3o esteja vis\u00edvel, apenas a op\u00e7\u00e3o \u201cDoa\u00e7\u00e3o com Incentivo Fiscal\u201d.\nPor favor, quando fizer sua doa\u00e7\u00e3o, envie o comprovante para <a style=\"color: #33cccc;\" href=\"mailto:osfer@osfer.com.br\" target=\"_blank\" rel=\"noreferrer noopener\">osfer@osfer.com.br<\/a> com as seguintes informa\u00e7\u00f5es:\n<strong> \n<BR>\nNome completo;\n<BR>\nCPF;\n<BR>\nEndere\u00e7o completo;\n<BR>\nCEP;\n<BR>\nCidade;\n<BR>\nUF;\n<BR>\nTelefone;\n<BR>\nE-mail. <\/strong>\n<\/span>\t\t\t\t\t\t<\/div>\n\t\t\t\t<\/div>\n\t\t\t\t<\/div>\n\t\t\t\t<\/div>\n\t\t\t\t<\/div>\n\t\t\t\t\t\t\t<\/div>\n\t\t","protected":false},"excerpt":{"rendered":"<p>DOE COM O IMPOSTo DE RENDA Seu imposto de renda pode transformar vidas. A legisla\u00e7\u00e3o brasileira, por meio da Lei de Incentivo \u00e0 Cultura (Rouanet), permite que voc\u00ea, pessoa f\u00edsica, destine at\u00e9 6% do seu imposto de renda devido para projetos culturais, desde que sua&#8230;<\/p>\n","protected":false},"author":1,"featured_media":0,"parent":0,"menu_order":0,"comment_status":"closed","ping_status":"closed","template":"elementor_header_footer","meta":{"content-type":"","footnotes":""},"class_list":["post-2383","page","type-page","status-publish","hentry"],"_links":{"self":[{"href":"https:\/\/osfer.com.br\/index.php?rest_route=\/wp\/v2\/pages\/2383","targetHints":{"allow":["GET"]}}],"collection":[{"href":"https:\/\/osfer.com.br\/index.php?rest_route=\/wp\/v2\/pages"}],"about":[{"href":"https:\/\/osfer.com.br\/index.php?rest_route=\/wp\/v2\/types\/page"}],"author":[{"embeddable":true,"href":"https:\/\/osfer.com.br\/index.php?rest_route=\/wp\/v2\/users\/1"}],"replies":[{"embeddable":true,"href":"https:\/\/osfer.com.br\/index.php?rest_route=%2Fwp%2Fv2%2Fcomments&post=2383"}],"version-history":[{"count":26,"href":"https:\/\/osfer.com.br\/index.php?rest_route=\/wp\/v2\/pages\/2383\/revisions"}],"predecessor-version":[{"id":2623,"href":"https:\/\/osfer.com.br\/index.php?rest_route=\/wp\/v2\/pages\/2383\/revisions\/2623"}],"wp:attachment":[{"href":"https:\/\/osfer.com.br\/index.php?rest_route=%2Fwp%2Fv2%2Fmedia&parent=2383"}],"curies":[{"name":"wp","href":"https:\/\/api.w.org\/{rel}","templated":true}]}}