{"id":2408,"date":"2024-07-18T18:16:37","date_gmt":"2024-07-18T18:16:37","guid":{"rendered":"https:\/\/osfer.com.br\/?page_id=2408"},"modified":"2024-07-19T18:32:24","modified_gmt":"2024-07-19T18:32:24","slug":"doacao-por-nota-fiscal-paulista","status":"publish","type":"page","link":"https:\/\/osfer.com.br\/?page_id=2408","title":{"rendered":"DOA\u00c7\u00c3O POR NOTA FISCAL PAULISTA"},"content":{"rendered":"\t\t<div data-elementor-type=\"wp-page\" data-elementor-id=\"2408\" class=\"elementor elementor-2408\">\n\t\t\t\t\t\t\t<div class=\"elementor-element elementor-element-57f31f5 e-flex e-con-boxed parallax_section_no qode_elementor_container_no e-con e-parent\" data-id=\"57f31f5\" data-element_type=\"container\" data-settings=\"{&quot;content_width&quot;:&quot;boxed&quot;}\" data-core-v316-plus=\"true\">\n\t\t\t\t\t<div class=\"e-con-inner\">\n\t\t<div class=\"elementor-element elementor-element-d08dbfb e-flex e-con-boxed parallax_section_no qode_elementor_container_no e-con e-child\" data-id=\"d08dbfb\" data-element_type=\"container\" data-settings=\"{&quot;content_width&quot;:&quot;boxed&quot;}\">\n\t\t\t\t\t<div class=\"e-con-inner\">\n\t\t\t\t<div class=\"elementor-element elementor-element-a06fda1 elementor-widget elementor-widget-heading\" data-id=\"a06fda1\" data-element_type=\"widget\" data-widget_type=\"heading.default\">\n\t\t\t\t<div class=\"elementor-widget-container\">\n\t\t\t<style>\/*! elementor - v3.18.0 - 20-12-2023 *\/\n.elementor-heading-title{padding:0;margin:0;line-height:1}.elementor-widget-heading .elementor-heading-title[class*=elementor-size-]>a{color:inherit;font-size:inherit;line-height:inherit}.elementor-widget-heading .elementor-heading-title.elementor-size-small{font-size:15px}.elementor-widget-heading .elementor-heading-title.elementor-size-medium{font-size:19px}.elementor-widget-heading .elementor-heading-title.elementor-size-large{font-size:29px}.elementor-widget-heading .elementor-heading-title.elementor-size-xl{font-size:39px}.elementor-widget-heading .elementor-heading-title.elementor-size-xxl{font-size:59px}<\/style><h2 class=\"elementor-heading-title elementor-size-large\"><h1 class=\"elementor-heading-title elementor-size-large elementor-inline-editing pen\" data-elementor-setting-key=\"title\" data-pen-placeholder=\"Digite aqui...\" style=\"background-color: rgb(255, 255, 255); color: rgb(101, 101, 101); font-family: Arial, sans-serif; font-weight: 600; text-align: center;\">DOE COM a nota fiscal Paulista<\/h1><\/h2>\t\t<\/div>\n\t\t\t\t<\/div>\n\t\t\t\t\t<\/div>\n\t\t\t\t<\/div>\n\t\t<div class=\"elementor-element elementor-element-00a0970 e-con-full e-flex parallax_section_no qode_elementor_container_no e-con e-child\" data-id=\"00a0970\" data-element_type=\"container\" data-settings=\"{&quot;content_width&quot;:&quot;full&quot;}\">\n\t\t\t\t<div class=\"elementor-element elementor-element-2d8c9d3 elementor-widget elementor-widget-image\" data-id=\"2d8c9d3\" data-element_type=\"widget\" data-widget_type=\"image.default\">\n\t\t\t\t<div class=\"elementor-widget-container\">\n\t\t\t<style>\/*! elementor - v3.18.0 - 20-12-2023 *\/\n.elementor-widget-image{text-align:center}.elementor-widget-image a{display:inline-block}.elementor-widget-image a img[src$=\".svg\"]{width:48px}.elementor-widget-image img{vertical-align:middle;display:inline-block}<\/style>\t\t\t\t\t\t\t\t\t\t\t\t<img decoding=\"async\" src=\"https:\/\/osfer.com.br\/wp-content\/uploads\/elementor\/thumbs\/IRS3430-1-r0b5z6nxejoduks3j9paxahfy37rkf93lf9llduh88.jpg\" title=\"_IRS3430\" alt=\"_IRS3430\" loading=\"lazy\" \/>\t\t\t\t\t\t\t\t\t\t\t\t\t\t\t<\/div>\n\t\t\t\t<\/div>\n\t\t<div class=\"elementor-element elementor-element-915ffd6 e-con-full e-flex parallax_section_no qode_elementor_container_no e-con e-child\" data-id=\"915ffd6\" data-element_type=\"container\" data-settings=\"{&quot;content_width&quot;:&quot;full&quot;}\">\n\t\t\t\t<div class=\"elementor-element elementor-element-fb5e89e elementor-widget elementor-widget-text-editor\" data-id=\"fb5e89e\" data-element_type=\"widget\" data-widget_type=\"text-editor.default\">\n\t\t\t\t<div class=\"elementor-widget-container\">\n\t\t\t<style>\/*! elementor - v3.18.0 - 20-12-2023 *\/\n.elementor-widget-text-editor.elementor-drop-cap-view-stacked .elementor-drop-cap{background-color:#69727d;color:#fff}.elementor-widget-text-editor.elementor-drop-cap-view-framed .elementor-drop-cap{color:#69727d;border:3px solid;background-color:transparent}.elementor-widget-text-editor:not(.elementor-drop-cap-view-default) .elementor-drop-cap{margin-top:8px}.elementor-widget-text-editor:not(.elementor-drop-cap-view-default) .elementor-drop-cap-letter{width:1em;height:1em}.elementor-widget-text-editor .elementor-drop-cap{float:left;text-align:center;line-height:1;font-size:50px}.elementor-widget-text-editor .elementor-drop-cap-letter{display:inline-block}<\/style>\t\t\t\t<span style=\"color: #656565; font-family: 'Open Sans', Arial, sans-serif; font-size: 16px;\">\nVoc\u00ea pode impactar positivamente a vida de crian\u00e7as e adolescentes doando seus cupons fiscais automaticamente para a OSFER.\n\nAcesse o site da Nota Fiscal Paulista, cadastre-se e doe para a OSFER de forma autom\u00e1tica sempre que fizer compras e informar seu CPF. Importante: Para a OSFER Cultura come\u00e7ar a se beneficiar das suas notas, voc\u00ea precisa fazer um primeiro resgate de cr\u00e9ditos para sua conta corrente. Depois disso, as doa\u00e7\u00f5es acontecer\u00e3o automaticamente.\n\n<br>\nConfira o passo a passo para se tornar um apoiador da OSFER:\n<\/span>\t\t\t\t\t\t<\/div>\n\t\t\t\t<\/div>\n\t\t\t\t<div class=\"elementor-element elementor-element-e92563b elementor-widget elementor-widget-text-editor\" data-id=\"e92563b\" data-element_type=\"widget\" data-widget_type=\"text-editor.default\">\n\t\t\t\t<div class=\"elementor-widget-container\">\n\t\t\t\t\t\t\t<span style=\"color: #656565; font-family: 'Open Sans', Arial, sans-serif; font-size: 16px;\"> \n<strong>\n1) Acesse o site da Nota Fiscal Paulista e fa\u00e7a o seu cadastro como consumidor usando seus dados pessoais.\n<BR>\n 2) Na barra superior, clique em Entidades e depois em Doa\u00e7\u00e3o de Cupons com CPF (autom\u00e1tica). \n<BR>\n3) Pesquise o CNPJ 51.844.827\/0001-12 e clique em avan\u00e7ar.\n<BR>\n4) Escolha o tempo da doa\u00e7\u00e3o Indeterminado, favorite clicando na estrela e confirme. \n<BR>\n5) Para a OSFER come\u00e7ar a se beneficiar das suas notas, voc\u00ea precisa fazer um primeiro resgate de cr\u00e9ditos para sua conta corrente. Depois disso, as doa\u00e7\u00f5es acontecer\u00e3o automaticamente.\n<\/strong>\n<\/span>\t\t\t\t\t\t<\/div>\n\t\t\t\t<\/div>\n\t\t\t\t<\/div>\n\t\t\t\t<\/div>\n\t\t\t\t\t<\/div>\n\t\t\t\t<\/div>\n\t\t\t\t\t\t\t<\/div>\n\t\t","protected":false},"excerpt":{"rendered":"<p>DOE COM a nota fiscal Paulista Voc\u00ea pode impactar positivamente a vida de crian\u00e7as e adolescentes doando seus cupons fiscais automaticamente para a OSFER. Acesse o site da Nota Fiscal Paulista, cadastre-se e doe para a OSFER de forma autom\u00e1tica sempre que fizer compras e&#8230;<\/p>\n","protected":false},"author":1,"featured_media":0,"parent":0,"menu_order":0,"comment_status":"closed","ping_status":"closed","template":"elementor_header_footer","meta":{"content-type":"","footnotes":""},"class_list":["post-2408","page","type-page","status-publish","hentry"],"_links":{"self":[{"href":"https:\/\/osfer.com.br\/index.php?rest_route=\/wp\/v2\/pages\/2408","targetHints":{"allow":["GET"]}}],"collection":[{"href":"https:\/\/osfer.com.br\/index.php?rest_route=\/wp\/v2\/pages"}],"about":[{"href":"https:\/\/osfer.com.br\/index.php?rest_route=\/wp\/v2\/types\/page"}],"author":[{"embeddable":true,"href":"https:\/\/osfer.com.br\/index.php?rest_route=\/wp\/v2\/users\/1"}],"replies":[{"embeddable":true,"href":"https:\/\/osfer.com.br\/index.php?rest_route=%2Fwp%2Fv2%2Fcomments&post=2408"}],"version-history":[{"count":19,"href":"https:\/\/osfer.com.br\/index.php?rest_route=\/wp\/v2\/pages\/2408\/revisions"}],"predecessor-version":[{"id":2629,"href":"https:\/\/osfer.com.br\/index.php?rest_route=\/wp\/v2\/pages\/2408\/revisions\/2629"}],"wp:attachment":[{"href":"https:\/\/osfer.com.br\/index.php?rest_route=%2Fwp%2Fv2%2Fmedia&parent=2408"}],"curies":[{"name":"wp","href":"https:\/\/api.w.org\/{rel}","templated":true}]}}