{"id":2427,"date":"2024-07-18T13:05:50","date_gmt":"2024-07-18T13:05:50","guid":{"rendered":"https:\/\/osfer.com.br\/?page_id=2427"},"modified":"2024-07-18T17:43:57","modified_gmt":"2024-07-18T17:43:57","slug":"contato-para-apoiar-a-osfer","status":"publish","type":"page","link":"https:\/\/osfer.com.br\/?page_id=2427","title":{"rendered":"CONTATO PARA APOIAR A OSFER"},"content":{"rendered":"\t\t<div data-elementor-type=\"wp-page\" data-elementor-id=\"2427\" class=\"elementor elementor-2427\">\n\t\t\t\t\t\t\t<div class=\"elementor-element elementor-element-0e5cfef e-flex e-con-boxed parallax_section_no qode_elementor_container_no e-con e-parent\" data-id=\"0e5cfef\" data-element_type=\"container\" data-settings=\"{&quot;content_width&quot;:&quot;boxed&quot;}\" data-core-v316-plus=\"true\">\n\t\t\t\t\t<div class=\"e-con-inner\">\n\t\t\t\t\t<\/div>\n\t\t\t\t<\/div>\n\t\t\t\t<section class=\"elementor-section elementor-top-section elementor-element elementor-element-5fe6625 elementor-section-boxed elementor-section-height-default elementor-section-height-default parallax_section_no qode_elementor_container_no\" data-id=\"5fe6625\" data-element_type=\"section\">\n\t\t\t\t\t\t<div class=\"elementor-container elementor-column-gap-default\">\n\t\t\t\t\t<div class=\"elementor-column elementor-col-50 elementor-top-column elementor-element elementor-element-d4d1aa1\" data-id=\"d4d1aa1\" data-element_type=\"column\">\n\t\t\t<div class=\"elementor-widget-wrap elementor-element-populated\">\n\t\t\t\t\t\t\t\t<div class=\"elementor-element elementor-element-9f556d9 elementor-widget elementor-widget-text-editor\" data-id=\"9f556d9\" data-element_type=\"widget\" data-widget_type=\"text-editor.default\">\n\t\t\t\t<div class=\"elementor-widget-container\">\n\t\t\t<style>\/*! elementor - v3.18.0 - 20-12-2023 *\/\n.elementor-widget-text-editor.elementor-drop-cap-view-stacked .elementor-drop-cap{background-color:#69727d;color:#fff}.elementor-widget-text-editor.elementor-drop-cap-view-framed .elementor-drop-cap{color:#69727d;border:3px solid;background-color:transparent}.elementor-widget-text-editor:not(.elementor-drop-cap-view-default) .elementor-drop-cap{margin-top:8px}.elementor-widget-text-editor:not(.elementor-drop-cap-view-default) .elementor-drop-cap-letter{width:1em;height:1em}.elementor-widget-text-editor .elementor-drop-cap{float:left;text-align:center;line-height:1;font-size:50px}.elementor-widget-text-editor .elementor-drop-cap-letter{display:inline-block}<\/style>\t\t\t\t<h4>Informa\u00e7\u00f5es<\/h4>\t\t\t\t\t\t<\/div>\n\t\t\t\t<\/div>\n\t\t\t\t<div class=\"elementor-element elementor-element-1aa3dca elementor-widget elementor-widget-text-editor\" data-id=\"1aa3dca\" data-element_type=\"widget\" data-widget_type=\"text-editor.default\">\n\t\t\t\t<div class=\"elementor-widget-container\">\n\t\t\t\t\t\t\t<span style=\"color: #656565; font-family: 'Open Sans', Arial, sans-serif; font-size: 14px; background-color: #ffffff;\">Entre em contato conosco para apoiar nosso projeto e fazer a diferen\u00e7a na vida de um m\u00fasico! Queremos envolver voc\u00ea em nossa miss\u00e3o de promover talentos musicais e proporcionar oportunidades \u00fanicas. Seja adotando um m\u00fasico ou se tornando um patrocinador, sua contribui\u00e7\u00e3o \u00e9 valiosa para n\u00f3s.\n\nEscolha a forma de contato que melhor lhe servir e junte-se a n\u00f3s nessa jornada musical. Estamos \u00e0 disposi\u00e7\u00e3o para esclarecer d\u00favidas, ouvir sugest\u00f5es e receber seu apoio.<\/span>\t\t\t\t\t\t<\/div>\n\t\t\t\t<\/div>\n\t\t\t\t<section class=\"elementor-section elementor-inner-section elementor-element elementor-element-44098b8 elementor-section-full_width elementor-section-height-default elementor-section-height-default parallax_section_no qode_elementor_container_no\" data-id=\"44098b8\" data-element_type=\"section\">\n\t\t\t\t\t\t<div class=\"elementor-container elementor-column-gap-no\">\n\t\t\t\t\t<div class=\"elementor-column elementor-col-50 elementor-inner-column elementor-element elementor-element-22d6d6f\" data-id=\"22d6d6f\" data-element_type=\"column\">\n\t\t\t<div class=\"elementor-widget-wrap elementor-element-populated\">\n\t\t\t\t\t\t\t\t<div class=\"elementor-element elementor-element-ed52a51 elementor-widget elementor-widget-text-editor\" data-id=\"ed52a51\" data-element_type=\"widget\" data-widget_type=\"text-editor.default\">\n\t\t\t\t<div class=\"elementor-widget-container\">\n\t\t\t\t\t\t\t<h5>Localiza\u00e7\u00e3o<\/h5>\t\t\t\t\t\t<\/div>\n\t\t\t\t<\/div>\n\t\t\t\t<div class=\"elementor-element elementor-element-7ab92a1 elementor-widget elementor-widget-text-editor\" data-id=\"7ab92a1\" data-element_type=\"widget\" data-widget_type=\"text-editor.default\">\n\t\t\t\t<div class=\"elementor-widget-container\">\n\t\t\t\t\t\t\t<p><span style=\"color: #656565; font-family: Open Sans, Arial, sans-serif;\"><span style=\"font-size: 14px;\">R. Esp\u00edrito Santo, 826<\/span><\/span><span style=\"color: #656565; font-family: 'Open Sans', Arial, sans-serif; font-size: 14px; background-color: #ffffff;\">,<\/span><br style=\"color: #656565; font-family: 'Open Sans', Arial, sans-serif; font-size: 14px;\" \/><span style=\"color: #656565; font-family: 'Open Sans', Arial, sans-serif; font-size: 14px; background-color: #ffffff;\">Centro, Fernand\u00f3polis &#8211; SP,\u00a0<\/span><span style=\"color: #656565; font-family: Open Sans, Arial, sans-serif;\"><span style=\"font-size: 14px;\">15600-046<\/span><\/span><br style=\"color: #656565; font-family: 'Open Sans', Arial, sans-serif; font-size: 14px;\" \/><span style=\"color: #656565; font-family: 'Open Sans', Arial, sans-serif; font-size: 14px; background-color: #ffffff;\">(17) 3463-3373<\/span><br style=\"color: #656565; font-family: 'Open Sans', Arial, sans-serif; font-size: 14px;\" \/><span style=\"color: #656565; font-family: 'Open Sans', Arial, sans-serif; font-size: 14px; background-color: #ffffff;\">osfer@osfer.com.br<\/span><br style=\"color: #656565; font-family: 'Open Sans', Arial, sans-serif; font-size: 14px;\" \/><span style=\"color: #656565; font-family: 'Open Sans', Arial, sans-serif; font-size: 14px; background-color: #ffffff;\">De Segunda \u00e0 Sexta \u2013 10:00h \u00e0s 21:00<\/span><\/p>\t\t\t\t\t\t<\/div>\n\t\t\t\t<\/div>\n\t\t\t\t\t<\/div>\n\t\t<\/div>\n\t\t\t\t<div class=\"elementor-column elementor-col-50 elementor-inner-column elementor-element elementor-element-ad14581\" data-id=\"ad14581\" data-element_type=\"column\">\n\t\t\t<div class=\"elementor-widget-wrap\">\n\t\t\t\t\t\t\t\t\t<\/div>\n\t\t<\/div>\n\t\t\t\t\t\t\t<\/div>\n\t\t<\/section>\n\t\t\t\t\t<\/div>\n\t\t<\/div>\n\t\t\t\t<div class=\"elementor-column elementor-col-50 elementor-top-column elementor-element elementor-element-365e10e\" data-id=\"365e10e\" data-element_type=\"column\">\n\t\t\t<div class=\"elementor-widget-wrap elementor-element-populated\">\n\t\t\t\t\t\t\t\t<div class=\"elementor-element elementor-element-dbedf2c elementor-widget elementor-widget-bridge_cf_7\" data-id=\"dbedf2c\" data-element_type=\"widget\" data-widget_type=\"bridge_cf_7.default\">\n\t\t\t\t<div class=\"elementor-widget-container\">\n\t\t\t    <div class=\"qode-contact-form-7 qode-contact-form-7-0\">\n    <p class=\"wpcf7-contact-form-not-found\"><strong>Erro:<\/strong> Formul\u00e1rio de contato n\u00e3o encontrado.<\/p>    <\/div>\n\t\t<\/div>\n\t\t\t\t<\/div>\n\t\t\t\t\t<\/div>\n\t\t<\/div>\n\t\t\t\t\t\t\t<\/div>\n\t\t<\/section>\n\t\t<div class=\"elementor-element elementor-element-b96170d e-flex e-con-boxed parallax_section_no qode_elementor_container_no e-con e-parent\" data-id=\"b96170d\" data-element_type=\"container\" data-settings=\"{&quot;content_width&quot;:&quot;boxed&quot;}\" data-core-v316-plus=\"true\">\n\t\t\t\t\t<div class=\"e-con-inner\">\n\t\t\t\t\t<\/div>\n\t\t\t\t<\/div>\n\t\t\t\t\t\t\t<\/div>\n\t\t","protected":false},"excerpt":{"rendered":"<p>Informa\u00e7\u00f5es Entre em contato conosco para apoiar nosso projeto e fazer a diferen\u00e7a na vida de um m\u00fasico! Queremos envolver voc\u00ea em nossa miss\u00e3o de promover talentos musicais e proporcionar oportunidades \u00fanicas. Seja adotando um m\u00fasico ou se tornando um patrocinador, sua contribui\u00e7\u00e3o \u00e9 valiosa&#8230;<\/p>\n","protected":false},"author":1,"featured_media":0,"parent":0,"menu_order":0,"comment_status":"closed","ping_status":"closed","template":"full_width.php","meta":{"content-type":"","footnotes":""},"class_list":["post-2427","page","type-page","status-publish","hentry"],"_links":{"self":[{"href":"https:\/\/osfer.com.br\/index.php?rest_route=\/wp\/v2\/pages\/2427","targetHints":{"allow":["GET"]}}],"collection":[{"href":"https:\/\/osfer.com.br\/index.php?rest_route=\/wp\/v2\/pages"}],"about":[{"href":"https:\/\/osfer.com.br\/index.php?rest_route=\/wp\/v2\/types\/page"}],"author":[{"embeddable":true,"href":"https:\/\/osfer.com.br\/index.php?rest_route=\/wp\/v2\/users\/1"}],"replies":[{"embeddable":true,"href":"https:\/\/osfer.com.br\/index.php?rest_route=%2Fwp%2Fv2%2Fcomments&post=2427"}],"version-history":[{"count":29,"href":"https:\/\/osfer.com.br\/index.php?rest_route=\/wp\/v2\/pages\/2427\/revisions"}],"predecessor-version":[{"id":2469,"href":"https:\/\/osfer.com.br\/index.php?rest_route=\/wp\/v2\/pages\/2427\/revisions\/2469"}],"wp:attachment":[{"href":"https:\/\/osfer.com.br\/index.php?rest_route=%2Fwp%2Fv2%2Fmedia&parent=2427"}],"curies":[{"name":"wp","href":"https:\/\/api.w.org\/{rel}","templated":true}]}}