{"id":4688,"date":"2025-02-12T17:15:45","date_gmt":"2025-02-12T17:15:45","guid":{"rendered":"https:\/\/osfer.com.br\/?page_id=4688"},"modified":"2025-02-17T19:01:10","modified_gmt":"2025-02-17T19:01:10","slug":"contato-apoiador","status":"publish","type":"page","link":"https:\/\/osfer.com.br\/?page_id=4688","title":{"rendered":"CONTATO APOIADOR"},"content":{"rendered":"\t\t<div data-elementor-type=\"wp-page\" data-elementor-id=\"4688\" class=\"elementor elementor-4688\">\n\t\t\t\t\t\t\t\t\t<section class=\"elementor-section elementor-top-section elementor-element elementor-element-6d281a3 elementor-section-full_width elementor-section-height-default elementor-section-height-default parallax_section_no qode_elementor_container_no\" data-id=\"6d281a3\" data-element_type=\"section\" data-settings=\"{&quot;background_background&quot;:&quot;classic&quot;}\">\n\t\t\t\t\t\t<div class=\"elementor-container elementor-column-gap-default\">\n\t\t\t\t\t<div class=\"elementor-column elementor-col-100 elementor-top-column elementor-element elementor-element-0b63366\" data-id=\"0b63366\" data-element_type=\"column\">\n\t\t\t<div class=\"elementor-widget-wrap elementor-element-populated\">\n\t\t\t\t\t\t\t\t<section class=\"elementor-section elementor-inner-section elementor-element elementor-element-2a06a6c elementor-section-full_width qode_elementor_container_inner elementor-section-height-default elementor-section-height-default parallax_section_no\" data-id=\"2a06a6c\" data-element_type=\"section\">\n\t\t\t\t\t\t<div class=\"elementor-container elementor-column-gap-no\">\n\t\t\t\t\t<div class=\"elementor-column elementor-col-100 elementor-inner-column elementor-element elementor-element-182de4d\" data-id=\"182de4d\" data-element_type=\"column\">\n\t\t\t<div class=\"elementor-widget-wrap elementor-element-populated\">\n\t\t\t\t\t\t\t\t<div class=\"elementor-element elementor-element-80ca1b0 elementor-widget elementor-widget-text-editor\" data-id=\"80ca1b0\" data-element_type=\"widget\" data-widget_type=\"text-editor.default\">\n\t\t\t\t<div class=\"elementor-widget-container\">\n\t\t\t<style>\/*! elementor - v3.18.0 - 20-12-2023 *\/\n.elementor-widget-text-editor.elementor-drop-cap-view-stacked .elementor-drop-cap{background-color:#69727d;color:#fff}.elementor-widget-text-editor.elementor-drop-cap-view-framed .elementor-drop-cap{color:#69727d;border:3px solid;background-color:transparent}.elementor-widget-text-editor:not(.elementor-drop-cap-view-default) .elementor-drop-cap{margin-top:8px}.elementor-widget-text-editor:not(.elementor-drop-cap-view-default) .elementor-drop-cap-letter{width:1em;height:1em}.elementor-widget-text-editor .elementor-drop-cap{float:left;text-align:center;line-height:1;font-size:50px}.elementor-widget-text-editor .elementor-drop-cap-letter{display:inline-block}<\/style>\t\t\t\t<h3><span style=\"color: #ffffff;\">CONTATO APOIADOR<\/span><\/h3>\t\t\t\t\t\t<\/div>\n\t\t\t\t<\/div>\n\t\t\t\t\t<\/div>\n\t\t<\/div>\n\t\t\t\t\t\t\t<\/div>\n\t\t<\/section>\n\t\t\t\t\t<\/div>\n\t\t<\/div>\n\t\t\t\t\t\t\t<\/div>\n\t\t<\/section>\n\t\t\t\t<section class=\"elementor-section elementor-top-section elementor-element elementor-element-4c98fc2 elementor-section-full_width qode_elementor_container_inner elementor-section-height-default elementor-section-height-default parallax_section_no\" data-id=\"4c98fc2\" data-element_type=\"section\">\n\t\t\t\t\t\t<div class=\"elementor-container elementor-column-gap-no\">\n\t\t\t\t\t<div class=\"elementor-column elementor-col-50 elementor-top-column elementor-element elementor-element-bca6cce\" data-id=\"bca6cce\" data-element_type=\"column\">\n\t\t\t<div class=\"elementor-widget-wrap elementor-element-populated\">\n\t\t\t\t\t\t\t\t<div class=\"elementor-element elementor-element-f02fe93 elementor-widget elementor-widget-text-editor\" data-id=\"f02fe93\" data-element_type=\"widget\" data-widget_type=\"text-editor.default\">\n\t\t\t\t<div class=\"elementor-widget-container\">\n\t\t\t\t\t\t\t<h4>Informa\u00e7\u00f5es<\/h4>\t\t\t\t\t\t<\/div>\n\t\t\t\t<\/div>\n\t\t\t\t<div class=\"elementor-element elementor-element-260e98b elementor-widget elementor-widget-text-editor\" data-id=\"260e98b\" data-element_type=\"widget\" data-widget_type=\"text-editor.default\">\n\t\t\t\t<div class=\"elementor-widget-container\">\n\t\t\t\t\t\t\t<p><span style=\"color: #656565; font-family: 'Open Sans', Arial, sans-serif; font-size: 14px; background-color: #ffffff;\">Entre em contato conosco para apoiar nosso projeto e fazer a diferen\u00e7a na vida de um m\u00fasico! Queremos envolver voc\u00ea em nossa miss\u00e3o de promover talentos musicais e proporcionar oportunidades \u00fanicas. Seja adotando um m\u00fasico ou se tornando um patrocinador, sua contribui\u00e7\u00e3o \u00e9 valiosa para n\u00f3s.<\/span><\/p><p>Escolha a forma de contato que melhor lhe servir e junte-se a n\u00f3s nessa jornada musical. Estamos \u00e0 disposi\u00e7\u00e3o para esclarecer d\u00favidas, ouvir sugest\u00f5es e receber seu apoio.<\/p>\t\t\t\t\t\t<\/div>\n\t\t\t\t<\/div>\n\t\t\t\t<section class=\"elementor-section elementor-inner-section elementor-element elementor-element-c0f03f5 elementor-section-full_width elementor-section-height-default elementor-section-height-default parallax_section_no qode_elementor_container_no\" data-id=\"c0f03f5\" data-element_type=\"section\">\n\t\t\t\t\t\t<div class=\"elementor-container elementor-column-gap-no\">\n\t\t\t\t\t<div class=\"elementor-column elementor-col-50 elementor-inner-column elementor-element elementor-element-130c350\" data-id=\"130c350\" data-element_type=\"column\">\n\t\t\t<div class=\"elementor-widget-wrap elementor-element-populated\">\n\t\t\t\t\t\t\t\t<div class=\"elementor-element elementor-element-4f790ce elementor-widget elementor-widget-text-editor\" data-id=\"4f790ce\" data-element_type=\"widget\" data-widget_type=\"text-editor.default\">\n\t\t\t\t<div class=\"elementor-widget-container\">\n\t\t\t\t\t\t\t<h5>Localiza\u00e7\u00e3o<\/h5>\t\t\t\t\t\t<\/div>\n\t\t\t\t<\/div>\n\t\t\t\t<div class=\"elementor-element elementor-element-c6b5a3f elementor-widget elementor-widget-text-editor\" data-id=\"c6b5a3f\" data-element_type=\"widget\" data-widget_type=\"text-editor.default\">\n\t\t\t\t<div class=\"elementor-widget-container\">\n\t\t\t\t\t\t\t<p><span style=\"color: #656565; font-family: Open Sans, Arial, sans-serif;\"><span style=\"font-size: 14px;\">R. Esp\u00edrito Santo, 826<\/span><\/span><span style=\"color: #656565; font-family: 'Open Sans', Arial, sans-serif; font-size: 14px; background-color: #ffffff;\">,<\/span><br style=\"color: #656565; font-family: 'Open Sans', Arial, sans-serif; font-size: 14px;\" \/><span style=\"color: #656565; font-family: 'Open Sans', Arial, sans-serif; font-size: 14px; background-color: #ffffff;\">Centro, Fernand\u00f3polis &#8211; SP,\u00a0<\/span><span style=\"color: #656565; font-family: Open Sans, Arial, sans-serif;\"><span style=\"font-size: 14px;\">15600-046<\/span><\/span><br style=\"color: #656565; font-family: 'Open Sans', Arial, sans-serif; font-size: 14px;\" \/><span style=\"color: #656565; font-family: 'Open Sans', Arial, sans-serif; font-size: 14px; background-color: #ffffff;\">(17) 3463-3373<\/span><br style=\"color: #656565; font-family: 'Open Sans', Arial, sans-serif; font-size: 14px;\" \/><span style=\"color: #656565; font-family: 'Open Sans', Arial, sans-serif; font-size: 14px; background-color: #ffffff;\">osfer@osfer.com.br<\/span><br style=\"color: #656565; font-family: 'Open Sans', Arial, sans-serif; font-size: 14px;\" \/><span style=\"color: #656565; font-family: 'Open Sans', Arial, sans-serif; font-size: 14px; background-color: #ffffff;\">De Segunda \u00e0 Sexta \u2013 10:00h \u00e0s 21:00<\/span><\/p>\t\t\t\t\t\t<\/div>\n\t\t\t\t<\/div>\n\t\t\t\t\t<\/div>\n\t\t<\/div>\n\t\t\t\t<div class=\"elementor-column elementor-col-50 elementor-inner-column elementor-element elementor-element-2edf89f\" data-id=\"2edf89f\" data-element_type=\"column\">\n\t\t\t<div class=\"elementor-widget-wrap\">\n\t\t\t\t\t\t\t\t\t<\/div>\n\t\t<\/div>\n\t\t\t\t\t\t\t<\/div>\n\t\t<\/section>\n\t\t\t\t\t<\/div>\n\t\t<\/div>\n\t\t\t\t<div class=\"elementor-column elementor-col-50 elementor-top-column elementor-element elementor-element-b5a1b08\" data-id=\"b5a1b08\" data-element_type=\"column\">\n\t\t\t<div class=\"elementor-widget-wrap elementor-element-populated\">\n\t\t\t\t\t\t\t\t<div class=\"elementor-element elementor-element-ed18915 elementor-widget elementor-widget-bridge_cf_7\" data-id=\"ed18915\" data-element_type=\"widget\" data-widget_type=\"bridge_cf_7.default\">\n\t\t\t\t<div class=\"elementor-widget-container\">\n\t\t\t    <div class=\"qode-contact-form-7 qode-contact-form-7-0\">\n    \n<div class=\"wpcf7 no-js\" id=\"wpcf7-f4777-o1\" lang=\"pt-BR\" dir=\"ltr\" data-wpcf7-id=\"4777\">\n<div class=\"screen-reader-response\"><p role=\"status\" aria-live=\"polite\" aria-atomic=\"true\"><\/p> <ul><\/ul><\/div>\n<form action=\"\/index.php?rest_route=%2Fwp%2Fv2%2Fpages%2F4688#wpcf7-f4777-o1\" method=\"post\" class=\"wpcf7-form init cf7_custom_style_2\" aria-label=\"Formul\u00e1rios de contato\" novalidate=\"novalidate\" data-status=\"init\">\n<div style=\"display: none;\">\n<input type=\"hidden\" name=\"_wpcf7\" value=\"4777\" \/>\n<input type=\"hidden\" name=\"_wpcf7_version\" value=\"6.0.3\" \/>\n<input type=\"hidden\" name=\"_wpcf7_locale\" value=\"pt_BR\" \/>\n<input type=\"hidden\" name=\"_wpcf7_unit_tag\" value=\"wpcf7-f4777-o1\" \/>\n<input type=\"hidden\" name=\"_wpcf7_container_post\" value=\"0\" \/>\n<input type=\"hidden\" name=\"_wpcf7_posted_data_hash\" value=\"\" \/>\n<input type=\"hidden\" name=\"_wpcf7_recaptcha_response\" value=\"\" \/>\n<\/div>\n<div><span class=\"wpcf7-form-control-wrap\" data-name=\"text-email\"><input size=\"40\" maxlength=\"400\" class=\"wpcf7-form-control wpcf7-text wpcf7-validates-as-required\" aria-required=\"true\" aria-invalid=\"false\" placeholder=\"E-mail*\" value=\"\" type=\"text\" name=\"text-email\" \/><\/span><\/div>\n<div><span class=\"wpcf7-form-control-wrap\" data-name=\"text-telefone\"><input size=\"40\" maxlength=\"400\" class=\"wpcf7-form-control wpcf7-text wpcf7-validates-as-required phone\" aria-required=\"true\" aria-invalid=\"false\" placeholder=\"Contato*\" value=\"\" type=\"text\" name=\"text-telefone\" \/><\/span><\/div>\n<div><span class=\"wpcf7-form-control-wrap\" data-name=\"text-nome\"><input size=\"40\" maxlength=\"400\" class=\"wpcf7-form-control wpcf7-email wpcf7-validates-as-required wpcf7-text wpcf7-validates-as-email\" aria-required=\"true\" aria-invalid=\"false\" placeholder=\"Nome*\" value=\"\" type=\"email\" name=\"text-nome\" \/><\/span><\/div>\n<div><span class=\"wpcf7-form-control-wrap\" data-name=\"menu-assunto\"><select class=\"wpcf7-form-control wpcf7-select wpcf7-validates-as-required\" aria-required=\"true\" aria-invalid=\"false\" name=\"menu-assunto\"><option value=\"Selecione um assunto*\">Selecione um assunto*<\/option><option value=\"Desejo ser patrocinador\">Desejo ser patrocinador<\/option><option value=\"Quero adotar um m\u00fasico\">Quero adotar um m\u00fasico<\/option><option value=\"Patoc\u00ednio incentivado\">Patoc\u00ednio incentivado<\/option><option value=\"Marketing de causa\">Marketing de causa<\/option><option value=\"Emendas parlamentares\">Emendas parlamentares<\/option><\/select><\/span><\/div>\n<div><span class=\"wpcf7-form-control-wrap\" data-name=\"text-mensagem\"><textarea cols=\"40\" rows=\"10\" maxlength=\"2000\" class=\"wpcf7-form-control wpcf7-textarea wpcf7-validates-as-required\" aria-required=\"true\" aria-invalid=\"false\" placeholder=\"Mensagem*\" name=\"text-mensagem\"><\/textarea><\/span><\/div>\n<div class=\"recaptcha-space\"><span class=\"wpcf7-form-control-wrap recaptcha\" data-name=\"recaptcha\"><span data-sitekey=\"6Ldx8RMqAAAAAJ8HGS-vJ9Dr3x9GUwQ1gIBgxw6H\" class=\"wpcf7-form-control wpcf7-recaptcha g-recaptcha\"><\/span>\r\n<noscript>\r\n\t<div class=\"grecaptcha-noscript\">\r\n\t\t<iframe src=\"https:\/\/www.google.com\/recaptcha\/api\/fallback?k=6Ldx8RMqAAAAAJ8HGS-vJ9Dr3x9GUwQ1gIBgxw6H\" frameborder=\"0\" scrolling=\"no\" width=\"310\" height=\"430\">\r\n\t\t<\/iframe>\r\n\t\t<textarea name=\"g-recaptcha-response\" rows=\"3\" cols=\"40\" placeholder=\"reCaptcha Response Here\">\r\n\t\t<\/textarea>\r\n\t<\/div>\r\n<\/noscript>\r\n<\/span><\/div>\n<div class=\"button-color\"><input class=\"wpcf7-form-control wpcf7-submit has-spinner\" type=\"submit\" value=\"Enviar\" \/><\/div><div class=\"wpcf7-response-output\" aria-hidden=\"true\"><\/div>\n<\/form>\n<\/div>\n    <\/div>\n\t\t<\/div>\n\t\t\t\t<\/div>\n\t\t\t\t\t<\/div>\n\t\t<\/div>\n\t\t\t\t\t\t\t<\/div>\n\t\t<\/section>\n\t\t<div class=\"elementor-element elementor-element-88e968d e-con-full e-flex parallax_section_no qode_elementor_container_no e-con e-parent\" data-id=\"88e968d\" data-element_type=\"container\" data-settings=\"{&quot;content_width&quot;:&quot;full&quot;}\" data-core-v316-plus=\"true\">\n\t\t\t\t<div class=\"elementor-element elementor-element-dfb0e1d elementor-widget elementor-widget-google_maps\" data-id=\"dfb0e1d\" data-element_type=\"widget\" data-widget_type=\"google_maps.default\">\n\t\t\t\t<div class=\"elementor-widget-container\">\n\t\t\t<style>\/*! elementor - v3.18.0 - 20-12-2023 *\/\n.elementor-widget-google_maps .elementor-widget-container{overflow:hidden}.elementor-widget-google_maps .elementor-custom-embed{line-height:0}.elementor-widget-google_maps iframe{height:300px}<\/style>\t\t<div class=\"elementor-custom-embed\">\n\t\t\t<iframe loading=\"lazy\"\n\t\t\t\t\tsrc=\"https:\/\/maps.google.com\/maps?q=R.%20Esp%C3%ADrito%20Santo%2C%20826%20-%20Centro%2C%20Fernand%C3%B3polis&#038;t=m&#038;z=18&#038;output=embed&#038;iwloc=near\"\n\t\t\t\t\ttitle=\"R. Esp\u00edrito Santo, 826 - Centro, Fernand\u00f3polis\"\n\t\t\t\t\taria-label=\"R. Esp\u00edrito Santo, 826 - Centro, Fernand\u00f3polis\"\n\t\t\t><\/iframe>\n\t\t<\/div>\n\t\t\t\t<\/div>\n\t\t\t\t<\/div>\n\t\t\t\t<\/div>\n\t\t\t\t\t\t\t<\/div>\n\t\t","protected":false},"excerpt":{"rendered":"<p>CONTATO APOIADOR Informa\u00e7\u00f5es Entre em contato conosco para apoiar nosso projeto e fazer a diferen\u00e7a na vida de um m\u00fasico! Queremos envolver voc\u00ea em nossa miss\u00e3o de promover talentos musicais e proporcionar oportunidades \u00fanicas. Seja adotando um m\u00fasico ou se tornando um patrocinador, sua contribui\u00e7\u00e3o&#8230;<\/p>\n","protected":false},"author":1,"featured_media":0,"parent":0,"menu_order":0,"comment_status":"closed","ping_status":"closed","template":"full_width.php","meta":{"content-type":"","footnotes":""},"class_list":["post-4688","page","type-page","status-publish","hentry"],"_links":{"self":[{"href":"https:\/\/osfer.com.br\/index.php?rest_route=\/wp\/v2\/pages\/4688","targetHints":{"allow":["GET"]}}],"collection":[{"href":"https:\/\/osfer.com.br\/index.php?rest_route=\/wp\/v2\/pages"}],"about":[{"href":"https:\/\/osfer.com.br\/index.php?rest_route=\/wp\/v2\/types\/page"}],"author":[{"embeddable":true,"href":"https:\/\/osfer.com.br\/index.php?rest_route=\/wp\/v2\/users\/1"}],"replies":[{"embeddable":true,"href":"https:\/\/osfer.com.br\/index.php?rest_route=%2Fwp%2Fv2%2Fcomments&post=4688"}],"version-history":[{"count":16,"href":"https:\/\/osfer.com.br\/index.php?rest_route=\/wp\/v2\/pages\/4688\/revisions"}],"predecessor-version":[{"id":4780,"href":"https:\/\/osfer.com.br\/index.php?rest_route=\/wp\/v2\/pages\/4688\/revisions\/4780"}],"wp:attachment":[{"href":"https:\/\/osfer.com.br\/index.php?rest_route=%2Fwp%2Fv2%2Fmedia&parent=4688"}],"curies":[{"name":"wp","href":"https:\/\/api.w.org\/{rel}","templated":true}]}}