{"id":4738,"date":"2025-02-12T19:48:47","date_gmt":"2025-02-12T19:48:47","guid":{"rendered":"https:\/\/osfer.com.br\/?page_id=4738"},"modified":"2025-02-12T19:57:15","modified_gmt":"2025-02-12T19:57:15","slug":"contato-aluno","status":"publish","type":"page","link":"https:\/\/osfer.com.br\/?page_id=4738","title":{"rendered":"CONTATO ALUNO"},"content":{"rendered":"\t\t<div data-elementor-type=\"wp-page\" data-elementor-id=\"4738\" class=\"elementor elementor-4738\">\n\t\t\t\t\t\t\t\t\t<section class=\"elementor-section elementor-top-section elementor-element elementor-element-6d281a3 elementor-section-full_width elementor-section-height-default elementor-section-height-default parallax_section_no qode_elementor_container_no\" data-id=\"6d281a3\" data-element_type=\"section\" data-settings=\"{&quot;background_background&quot;:&quot;classic&quot;}\">\n\t\t\t\t\t\t<div class=\"elementor-container elementor-column-gap-default\">\n\t\t\t\t\t<div class=\"elementor-column elementor-col-100 elementor-top-column elementor-element elementor-element-0b63366\" data-id=\"0b63366\" data-element_type=\"column\">\n\t\t\t<div class=\"elementor-widget-wrap elementor-element-populated\">\n\t\t\t\t\t\t\t\t<section class=\"elementor-section elementor-inner-section elementor-element elementor-element-2a06a6c elementor-section-full_width qode_elementor_container_inner elementor-section-height-default elementor-section-height-default parallax_section_no\" data-id=\"2a06a6c\" data-element_type=\"section\">\n\t\t\t\t\t\t<div class=\"elementor-container elementor-column-gap-no\">\n\t\t\t\t\t<div class=\"elementor-column elementor-col-100 elementor-inner-column elementor-element elementor-element-182de4d\" data-id=\"182de4d\" data-element_type=\"column\">\n\t\t\t<div class=\"elementor-widget-wrap elementor-element-populated\">\n\t\t\t\t\t\t\t\t<div class=\"elementor-element elementor-element-80ca1b0 elementor-widget elementor-widget-text-editor\" data-id=\"80ca1b0\" data-element_type=\"widget\" data-widget_type=\"text-editor.default\">\n\t\t\t\t<div class=\"elementor-widget-container\">\n\t\t\t<style>\/*! elementor - v3.18.0 - 20-12-2023 *\/\n.elementor-widget-text-editor.elementor-drop-cap-view-stacked .elementor-drop-cap{background-color:#69727d;color:#fff}.elementor-widget-text-editor.elementor-drop-cap-view-framed .elementor-drop-cap{color:#69727d;border:3px solid;background-color:transparent}.elementor-widget-text-editor:not(.elementor-drop-cap-view-default) .elementor-drop-cap{margin-top:8px}.elementor-widget-text-editor:not(.elementor-drop-cap-view-default) .elementor-drop-cap-letter{width:1em;height:1em}.elementor-widget-text-editor .elementor-drop-cap{float:left;text-align:center;line-height:1;font-size:50px}.elementor-widget-text-editor .elementor-drop-cap-letter{display:inline-block}<\/style>\t\t\t\t<h3><span style=\"color: #ffffff;\"><b>INSCRI\u00c7\u00c3O PARA AULAS DE M\u00daSICA NA OSFER!<\/b><\/span><\/h3>\t\t\t\t\t\t<\/div>\n\t\t\t\t<\/div>\n\t\t\t\t\t<\/div>\n\t\t<\/div>\n\t\t\t\t\t\t\t<\/div>\n\t\t<\/section>\n\t\t\t\t\t<\/div>\n\t\t<\/div>\n\t\t\t\t\t\t\t<\/div>\n\t\t<\/section>\n\t\t\t\t<section class=\"elementor-section elementor-top-section elementor-element elementor-element-4c98fc2 elementor-section-full_width qode_elementor_container_inner elementor-section-height-default elementor-section-height-default parallax_section_no\" data-id=\"4c98fc2\" data-element_type=\"section\">\n\t\t\t\t\t\t<div class=\"elementor-container elementor-column-gap-no\">\n\t\t\t\t\t<div class=\"elementor-column elementor-col-50 elementor-top-column elementor-element elementor-element-bca6cce\" data-id=\"bca6cce\" data-element_type=\"column\">\n\t\t\t<div class=\"elementor-widget-wrap elementor-element-populated\">\n\t\t\t\t\t\t\t\t<div class=\"elementor-element elementor-element-f02fe93 elementor-widget elementor-widget-text-editor\" data-id=\"f02fe93\" data-element_type=\"widget\" data-widget_type=\"text-editor.default\">\n\t\t\t\t<div class=\"elementor-widget-container\">\n\t\t\t\t\t\t\t<h4>Informa\u00e7\u00f5es<\/h4>\t\t\t\t\t\t<\/div>\n\t\t\t\t<\/div>\n\t\t\t\t<div class=\"elementor-element elementor-element-260e98b elementor-widget elementor-widget-text-editor\" data-id=\"260e98b\" data-element_type=\"widget\" data-widget_type=\"text-editor.default\">\n\t\t\t\t<div class=\"elementor-widget-container\">\n\t\t\t\t\t\t\t<p>Bem-vindo ao formul\u00e1rio de inscri\u00e7\u00e3o para as aulas de m\u00fasica da\u00a0 Corpora\u00e7\u00e3o Musical\/OSFER!<\/p><p>\u00a0<\/p><p>Aqui, voc\u00ea poder\u00e1 manifestar seu interesse em aprender a tocar um instrumento musical e fazer parte da nossa comunidade.<\/p><p>\u00a0<\/p><p><b>Preencha atentamente os campos abaixo<\/b> para que possamos conhecer suas prefer\u00eancias musicais e te direcionar para o curso mais adequado.<\/p><p>\u00a0<\/p><p><b>Informa\u00e7\u00f5es importantes:<\/b><\/p><ul><li>As aulas s\u00e3o oferecidas para alunos de todas as idades e n\u00edveis de experi\u00eancia musical;<\/li><li>A Corpora\u00e7\u00e3o Musical\/OSFER\u00a0oferece uma variedade de instrumentos musicais para aprendizado, como flauta doce, flauta transversal, clarinete, saxofone, trompete, trombone, percuss\u00e3o, cordas friccionadas entre outros.<\/li><li>As aulas s\u00e3o ministradas por professores qualificados e experientes, que te guiar\u00e3o no seu desenvolvimento musical.<\/li><li>\u00a0<\/li><\/ul><p>Ao se inscrever, voc\u00ea estar\u00e1 um passo mais perto de realizar o seu sonho de tocar um instrumento musical!<\/p><div>\u00a0<\/div><div><p><b>Hor\u00e1rio de funcionamento da Corpora\u00e7\u00e3o Musical\/OSFER:<\/b><\/p><ul><li>Segunda a quinta-feira: das 14h \u00e0s 20h<\/li><li>Sexta-feira: das 14h \u00e0s 17h<\/li><\/ul><p>Em caso de d\u00favidas, entre em contato conosco<\/p><ul><li>Telefone: (17) 3463-3373<\/li><li>Email: aulasdaosfer@gmail.com<\/li><\/ul><p><b>Aguardamos ansiosamente por sua inscri\u00e7\u00e3o!<\/b><\/p><\/div>\t\t\t\t\t\t<\/div>\n\t\t\t\t<\/div>\n\t\t\t\t<section class=\"elementor-section elementor-inner-section elementor-element elementor-element-c0f03f5 elementor-section-full_width elementor-section-height-default elementor-section-height-default parallax_section_no qode_elementor_container_no\" data-id=\"c0f03f5\" data-element_type=\"section\">\n\t\t\t\t\t\t<div class=\"elementor-container elementor-column-gap-no\">\n\t\t\t\t\t<div class=\"elementor-column elementor-col-50 elementor-inner-column elementor-element elementor-element-130c350\" data-id=\"130c350\" data-element_type=\"column\">\n\t\t\t<div class=\"elementor-widget-wrap elementor-element-populated\">\n\t\t\t\t\t\t\t\t<div class=\"elementor-element elementor-element-4f790ce elementor-widget elementor-widget-text-editor\" data-id=\"4f790ce\" data-element_type=\"widget\" data-widget_type=\"text-editor.default\">\n\t\t\t\t<div class=\"elementor-widget-container\">\n\t\t\t\t\t\t\t<h5>Localiza\u00e7\u00e3o<\/h5>\t\t\t\t\t\t<\/div>\n\t\t\t\t<\/div>\n\t\t\t\t<div class=\"elementor-element elementor-element-c6b5a3f elementor-widget elementor-widget-text-editor\" data-id=\"c6b5a3f\" data-element_type=\"widget\" data-widget_type=\"text-editor.default\">\n\t\t\t\t<div class=\"elementor-widget-container\">\n\t\t\t\t\t\t\t<p><span style=\"color: #656565; font-family: Open Sans, Arial, sans-serif;\"><span style=\"font-size: 14px;\">R. Esp\u00edrito Santo, 826<\/span><\/span><span style=\"color: #656565; font-family: 'Open Sans', Arial, sans-serif; font-size: 14px; background-color: #ffffff;\">,<\/span><br style=\"color: #656565; font-family: 'Open Sans', Arial, sans-serif; font-size: 14px;\" \/><span style=\"color: #656565; font-family: 'Open Sans', Arial, sans-serif; font-size: 14px; background-color: #ffffff;\">Centro, Fernand\u00f3polis &#8211; SP,\u00a0<\/span><span style=\"color: #656565; font-family: Open Sans, Arial, sans-serif;\"><span style=\"font-size: 14px;\">15600-046<\/span><\/span><br style=\"color: #656565; font-family: 'Open Sans', Arial, sans-serif; font-size: 14px;\" \/><span style=\"color: #656565; font-family: 'Open Sans', Arial, sans-serif; font-size: 14px; background-color: #ffffff;\">(17) 3463-3373<\/span><br style=\"color: #656565; font-family: 'Open Sans', Arial, sans-serif; font-size: 14px;\" \/><span style=\"color: #656565; font-family: 'Open Sans', Arial, sans-serif; font-size: 14px; background-color: #ffffff;\">osfer@osfer.com.br<\/span><br style=\"color: #656565; font-family: 'Open Sans', Arial, sans-serif; font-size: 14px;\" \/><span style=\"color: #656565; font-family: 'Open Sans', Arial, sans-serif; font-size: 14px; background-color: #ffffff;\">De Segunda \u00e0 Sexta \u2013 10:00h \u00e0s 21:00<\/span><\/p>\t\t\t\t\t\t<\/div>\n\t\t\t\t<\/div>\n\t\t\t\t\t<\/div>\n\t\t<\/div>\n\t\t\t\t<div class=\"elementor-column elementor-col-50 elementor-inner-column elementor-element elementor-element-2edf89f\" data-id=\"2edf89f\" data-element_type=\"column\">\n\t\t\t<div class=\"elementor-widget-wrap\">\n\t\t\t\t\t\t\t\t\t<\/div>\n\t\t<\/div>\n\t\t\t\t\t\t\t<\/div>\n\t\t<\/section>\n\t\t\t\t\t<\/div>\n\t\t<\/div>\n\t\t\t\t<div class=\"elementor-column elementor-col-50 elementor-top-column elementor-element elementor-element-b5a1b08\" data-id=\"b5a1b08\" data-element_type=\"column\">\n\t\t\t<div class=\"elementor-widget-wrap elementor-element-populated\">\n\t\t\t\t\t\t\t\t<div class=\"elementor-element elementor-element-ed18915 elementor-widget elementor-widget-bridge_cf_7\" data-id=\"ed18915\" data-element_type=\"widget\" data-widget_type=\"bridge_cf_7.default\">\n\t\t\t\t<div class=\"elementor-widget-container\">\n\t\t\t    <div class=\"qode-contact-form-7 qode-contact-form-7-0\">\n    \n<div class=\"wpcf7 no-js\" id=\"wpcf7-f4736-o1\" lang=\"pt-BR\" dir=\"ltr\" data-wpcf7-id=\"4736\">\n<div class=\"screen-reader-response\"><p role=\"status\" aria-live=\"polite\" aria-atomic=\"true\"><\/p> <ul><\/ul><\/div>\n<form action=\"\/index.php?rest_route=%2Fwp%2Fv2%2Fpages%2F4738#wpcf7-f4736-o1\" method=\"post\" class=\"wpcf7-form init cf7_custom_style_2\" aria-label=\"Formul\u00e1rios de contato\" novalidate=\"novalidate\" data-status=\"init\">\n<div style=\"display: none;\">\n<input type=\"hidden\" name=\"_wpcf7\" value=\"4736\" \/>\n<input type=\"hidden\" name=\"_wpcf7_version\" value=\"6.0.3\" \/>\n<input type=\"hidden\" name=\"_wpcf7_locale\" value=\"pt_BR\" \/>\n<input type=\"hidden\" name=\"_wpcf7_unit_tag\" value=\"wpcf7-f4736-o1\" \/>\n<input type=\"hidden\" name=\"_wpcf7_container_post\" value=\"0\" \/>\n<input type=\"hidden\" name=\"_wpcf7_posted_data_hash\" value=\"\" \/>\n<input type=\"hidden\" name=\"_wpcf7_recaptcha_response\" value=\"\" \/>\n<\/div>\n<div><span class=\"wpcf7-form-control-wrap\" data-name=\"text-email\"><input size=\"40\" maxlength=\"400\" class=\"wpcf7-form-control wpcf7-email wpcf7-validates-as-required wpcf7-text wpcf7-validates-as-email\" aria-required=\"true\" aria-invalid=\"false\" placeholder=\"E-mail*\" value=\"\" type=\"email\" name=\"text-email\" \/><\/span><\/div>\n<div><span class=\"wpcf7-form-control-wrap\" data-name=\"text-nome\"><input size=\"40\" maxlength=\"400\" class=\"wpcf7-form-control wpcf7-text wpcf7-validates-as-required\" aria-required=\"true\" aria-invalid=\"false\" placeholder=\"Nome completo*\" value=\"\" type=\"text\" name=\"text-nome\" \/><\/span><\/div>\n<div><span class=\"wpcf7-form-control-wrap\" data-name=\"text-rg\"><input size=\"40\" maxlength=\"400\" class=\"wpcf7-form-control wpcf7-text wpcf7-validates-as-required\" aria-required=\"true\" aria-invalid=\"false\" placeholder=\"RG*\" value=\"\" type=\"text\" name=\"text-rg\" \/><\/span><\/div>\n<div><span class=\"wpcf7-form-control-wrap\" data-name=\"text-nascimento\"><input size=\"40\" maxlength=\"400\" class=\"wpcf7-form-control wpcf7-text wpcf7-validates-as-required\" aria-required=\"true\" aria-invalid=\"false\" placeholder=\"Data de nascimento*\" value=\"\" type=\"text\" name=\"text-nascimento\" \/><\/span><\/div>\n<div><span class=\"wpcf7-form-control-wrap\" data-name=\"text-responsavel\"><input size=\"40\" maxlength=\"400\" class=\"wpcf7-form-control wpcf7-text wpcf7-validates-as-required\" aria-required=\"true\" aria-invalid=\"false\" placeholder=\"Nome completo do respons\u00e1vel (Caso seja maior de 18 anos, repita o nome)*\" value=\"\" type=\"text\" name=\"text-responsavel\" \/><\/span><\/div>\n<div><span class=\"wpcf7-form-control-wrap\" data-name=\"text-telefone-aluno\"><input size=\"40\" maxlength=\"400\" class=\"wpcf7-form-control wpcf7-text wpcf7-validates-as-required\" aria-required=\"true\" aria-invalid=\"false\" placeholder=\"Telefone do aluno*\" value=\"\" type=\"text\" name=\"text-telefone-aluno\" \/><\/span><\/div>\n<div><span class=\"wpcf7-form-control-wrap\" data-name=\"text-telefone-responsavel\"><input size=\"40\" maxlength=\"400\" class=\"wpcf7-form-control wpcf7-text wpcf7-validates-as-required\" aria-required=\"true\" aria-invalid=\"false\" placeholder=\"Telefone do respons\u00e1vel (Caso o aluno seja menor de 18 anos)\" value=\"\" type=\"text\" name=\"text-telefone-responsavel\" \/><\/span><\/div>\n<div><span class=\"wpcf7-form-control-wrap\" data-name=\"text-telefone-recado\"><input size=\"40\" maxlength=\"400\" class=\"wpcf7-form-control wpcf7-text wpcf7-validates-as-required\" aria-required=\"true\" aria-invalid=\"false\" placeholder=\"Telefone para recado*\" value=\"\" type=\"text\" name=\"text-telefone-recado\" \/><\/span><\/div>\n<div><span class=\"wpcf7-form-control-wrap\" data-name=\"text-escola\"><input size=\"40\" maxlength=\"400\" class=\"wpcf7-form-control wpcf7-text wpcf7-validates-as-required\" aria-required=\"true\" aria-invalid=\"false\" placeholder=\"Escola onde estuda (Se n\u00e3o estuda, digite: Nenhuma)*\" value=\"\" type=\"text\" name=\"text-escola\" \/><\/span><\/div>\n<div><span class=\"wpcf7-form-control-wrap\" data-name=\"placeholder\"><select class=\"wpcf7-form-control wpcf7-select wpcf7-validates-as-required\" aria-required=\"true\" aria-invalid=\"false\" name=\"placeholder\"><option value=\"Ano escolar no qual o aluno est\u00e1 matriculado*\">Ano escolar no qual o aluno est\u00e1 matriculado*<\/option><option value=\"1\u00ba Ano EF\">1\u00ba Ano EF<\/option><option value=\"2\u00ba Ano EF\">2\u00ba Ano EF<\/option><option value=\"3\u00ba Ano EF\">3\u00ba Ano EF<\/option><option value=\"4\u00ba Ano EF\">4\u00ba Ano EF<\/option><option value=\"5\u00ba Ano EF\">5\u00ba Ano EF<\/option><option value=\"6\u00ba Ano EF\">6\u00ba Ano EF<\/option><option value=\"7\u00ba Ano EF\">7\u00ba Ano EF<\/option><option value=\"8\u00ba Ano EF\">8\u00ba Ano EF<\/option><option value=\"9\u00ba Ano EF\">9\u00ba Ano EF<\/option><option value=\"1\u00aa S\u00e9rie EM\">1\u00aa S\u00e9rie EM<\/option><option value=\"2\u00aa S\u00e9rie EM\">2\u00aa S\u00e9rie EM<\/option><option value=\"3\u00aa S\u00e9rie EM\">3\u00aa S\u00e9rie EM<\/option><option value=\"N\u00edvel Superior\">N\u00edvel Superior<\/option><option value=\"Outro\">Outro<\/option><\/select><\/span><\/div>\n<div><span class=\"wpcf7-form-control-wrap\" data-name=\"menu-instrumento\"><select class=\"wpcf7-form-control wpcf7-select wpcf7-validates-as-required\" aria-required=\"true\" aria-invalid=\"false\" name=\"menu-instrumento\"><option value=\"Qual instrumento voc\u00ea deseja aprender?\">Qual instrumento voc\u00ea deseja aprender?<\/option><option value=\"Flauta Doce\">Flauta Doce<\/option><option value=\"Flauta Transversal\">Flauta Transversal<\/option><option value=\"Clarinete\">Clarinete<\/option><option value=\"Saxofone\">Saxofone<\/option><option value=\"Trompa\">Trompa<\/option><option value=\"Trompete\">Trompete<\/option><option value=\"Trombone\">Trombone<\/option><option value=\"Bombardino\">Bombardino<\/option><option value=\"Tuba\">Tuba<\/option><option value=\"Violino\">Violino<\/option><option value=\"Viola de Arco\">Viola de Arco<\/option><option value=\"Violoncelo\">Violoncelo<\/option><option value=\"Contrabaixo Ac\u00fastico\">Contrabaixo Ac\u00fastico<\/option><option value=\"Percuss\u00e3o\">Percuss\u00e3o<\/option><\/select><\/span><\/div>\n<div class=\"recaptcha-space\"><span class=\"wpcf7-form-control-wrap recaptcha\" data-name=\"recaptcha\"><span data-sitekey=\"6Ldx8RMqAAAAAJ8HGS-vJ9Dr3x9GUwQ1gIBgxw6H\" class=\"wpcf7-form-control wpcf7-recaptcha g-recaptcha\"><\/span>\r\n<noscript>\r\n\t<div class=\"grecaptcha-noscript\">\r\n\t\t<iframe src=\"https:\/\/www.google.com\/recaptcha\/api\/fallback?k=6Ldx8RMqAAAAAJ8HGS-vJ9Dr3x9GUwQ1gIBgxw6H\" frameborder=\"0\" scrolling=\"no\" width=\"310\" height=\"430\">\r\n\t\t<\/iframe>\r\n\t\t<textarea name=\"g-recaptcha-response\" rows=\"3\" cols=\"40\" placeholder=\"reCaptcha Response Here\">\r\n\t\t<\/textarea>\r\n\t<\/div>\r\n<\/noscript>\r\n<\/span><\/div>\n<div class=\"button-color\"><input class=\"wpcf7-form-control wpcf7-submit has-spinner\" type=\"submit\" value=\"Enviar\" \/><\/div><div class=\"wpcf7-response-output\" aria-hidden=\"true\"><\/div>\n<\/form>\n<\/div>\n    <\/div>\n\t\t<\/div>\n\t\t\t\t<\/div>\n\t\t\t\t\t<\/div>\n\t\t<\/div>\n\t\t\t\t\t\t\t<\/div>\n\t\t<\/section>\n\t\t<div class=\"elementor-element elementor-element-88e968d e-con-full e-flex parallax_section_no qode_elementor_container_no e-con e-parent\" data-id=\"88e968d\" data-element_type=\"container\" data-settings=\"{&quot;content_width&quot;:&quot;full&quot;}\" data-core-v316-plus=\"true\">\n\t\t\t\t<div class=\"elementor-element elementor-element-dfb0e1d elementor-widget elementor-widget-google_maps\" data-id=\"dfb0e1d\" data-element_type=\"widget\" data-widget_type=\"google_maps.default\">\n\t\t\t\t<div class=\"elementor-widget-container\">\n\t\t\t<style>\/*! elementor - v3.18.0 - 20-12-2023 *\/\n.elementor-widget-google_maps .elementor-widget-container{overflow:hidden}.elementor-widget-google_maps .elementor-custom-embed{line-height:0}.elementor-widget-google_maps iframe{height:300px}<\/style>\t\t<div class=\"elementor-custom-embed\">\n\t\t\t<iframe loading=\"lazy\"\n\t\t\t\t\tsrc=\"https:\/\/maps.google.com\/maps?q=R.%20Esp%C3%ADrito%20Santo%2C%20826%20-%20Centro%2C%20Fernand%C3%B3polis&#038;t=m&#038;z=18&#038;output=embed&#038;iwloc=near\"\n\t\t\t\t\ttitle=\"R. Esp\u00edrito Santo, 826 - Centro, Fernand\u00f3polis\"\n\t\t\t\t\taria-label=\"R. Esp\u00edrito Santo, 826 - Centro, Fernand\u00f3polis\"\n\t\t\t><\/iframe>\n\t\t<\/div>\n\t\t\t\t<\/div>\n\t\t\t\t<\/div>\n\t\t\t\t<\/div>\n\t\t\t\t\t\t\t<\/div>\n\t\t","protected":false},"excerpt":{"rendered":"<p>INSCRI\u00c7\u00c3O PARA AULAS DE M\u00daSICA NA OSFER! Informa\u00e7\u00f5es Bem-vindo ao formul\u00e1rio de inscri\u00e7\u00e3o para as aulas de m\u00fasica da\u00a0 Corpora\u00e7\u00e3o Musical\/OSFER! \u00a0 Aqui, voc\u00ea poder\u00e1 manifestar seu interesse em aprender a tocar um instrumento musical e fazer parte da nossa comunidade. \u00a0 Preencha atentamente os&#8230;<\/p>\n","protected":false},"author":1,"featured_media":0,"parent":0,"menu_order":0,"comment_status":"closed","ping_status":"closed","template":"full_width.php","meta":{"content-type":"","footnotes":""},"class_list":["post-4738","page","type-page","status-publish","hentry"],"_links":{"self":[{"href":"https:\/\/osfer.com.br\/index.php?rest_route=\/wp\/v2\/pages\/4738","targetHints":{"allow":["GET"]}}],"collection":[{"href":"https:\/\/osfer.com.br\/index.php?rest_route=\/wp\/v2\/pages"}],"about":[{"href":"https:\/\/osfer.com.br\/index.php?rest_route=\/wp\/v2\/types\/page"}],"author":[{"embeddable":true,"href":"https:\/\/osfer.com.br\/index.php?rest_route=\/wp\/v2\/users\/1"}],"replies":[{"embeddable":true,"href":"https:\/\/osfer.com.br\/index.php?rest_route=%2Fwp%2Fv2%2Fcomments&post=4738"}],"version-history":[{"count":13,"href":"https:\/\/osfer.com.br\/index.php?rest_route=\/wp\/v2\/pages\/4738\/revisions"}],"predecessor-version":[{"id":4756,"href":"https:\/\/osfer.com.br\/index.php?rest_route=\/wp\/v2\/pages\/4738\/revisions\/4756"}],"wp:attachment":[{"href":"https:\/\/osfer.com.br\/index.php?rest_route=%2Fwp%2Fv2%2Fmedia&parent=4738"}],"curies":[{"name":"wp","href":"https:\/\/api.w.org\/{rel}","templated":true}]}}