{"id":611,"date":"2024-03-03T19:12:30","date_gmt":"2024-03-03T19:12:30","guid":{"rendered":"https:\/\/osfer.com.br\/?page_id=611"},"modified":"2024-06-07T18:44:43","modified_gmt":"2024-06-07T18:44:43","slug":"maestro","status":"publish","type":"page","link":"https:\/\/osfer.com.br\/?page_id=611","title":{"rendered":"MAESTRO"},"content":{"rendered":"\t\t<div data-elementor-type=\"wp-page\" data-elementor-id=\"611\" class=\"elementor elementor-611\">\n\t\t\t\t\t\t\t\t\t<section class=\"elementor-section elementor-top-section elementor-element elementor-element-6d281a3 elementor-section-full_width elementor-section-height-default elementor-section-height-default parallax_section_no qode_elementor_container_no\" data-id=\"6d281a3\" data-element_type=\"section\" data-settings=\"{&quot;background_background&quot;:&quot;classic&quot;}\">\n\t\t\t\t\t\t<div class=\"elementor-container elementor-column-gap-default\">\n\t\t\t\t\t<div class=\"elementor-column elementor-col-100 elementor-top-column elementor-element elementor-element-0b63366\" data-id=\"0b63366\" data-element_type=\"column\">\n\t\t\t<div class=\"elementor-widget-wrap elementor-element-populated\">\n\t\t\t\t\t\t\t\t<section class=\"elementor-section elementor-inner-section elementor-element elementor-element-2a06a6c elementor-section-full_width qode_elementor_container_inner elementor-section-height-default elementor-section-height-default parallax_section_no\" data-id=\"2a06a6c\" data-element_type=\"section\">\n\t\t\t\t\t\t<div class=\"elementor-container elementor-column-gap-no\">\n\t\t\t\t\t<div class=\"elementor-column elementor-col-100 elementor-inner-column elementor-element elementor-element-182de4d\" data-id=\"182de4d\" data-element_type=\"column\">\n\t\t\t<div class=\"elementor-widget-wrap elementor-element-populated\">\n\t\t\t\t\t\t\t\t<div class=\"elementor-element elementor-element-80ca1b0 elementor-widget elementor-widget-text-editor\" data-id=\"80ca1b0\" data-element_type=\"widget\" data-widget_type=\"text-editor.default\">\n\t\t\t\t<div class=\"elementor-widget-container\">\n\t\t\t<style>\/*! elementor - v3.18.0 - 20-12-2023 *\/\n.elementor-widget-text-editor.elementor-drop-cap-view-stacked .elementor-drop-cap{background-color:#69727d;color:#fff}.elementor-widget-text-editor.elementor-drop-cap-view-framed .elementor-drop-cap{color:#69727d;border:3px solid;background-color:transparent}.elementor-widget-text-editor:not(.elementor-drop-cap-view-default) .elementor-drop-cap{margin-top:8px}.elementor-widget-text-editor:not(.elementor-drop-cap-view-default) .elementor-drop-cap-letter{width:1em;height:1em}.elementor-widget-text-editor .elementor-drop-cap{float:left;text-align:center;line-height:1;font-size:50px}.elementor-widget-text-editor .elementor-drop-cap-letter{display:inline-block}<\/style>\t\t\t\t<h3><span style=\"color: #ffffff;\">MAESTRO<\/span><\/h3>\t\t\t\t\t\t<\/div>\n\t\t\t\t<\/div>\n\t\t\t\t\t<\/div>\n\t\t<\/div>\n\t\t\t\t\t\t\t<\/div>\n\t\t<\/section>\n\t\t\t\t\t<\/div>\n\t\t<\/div>\n\t\t\t\t\t\t\t<\/div>\n\t\t<\/section>\n\t\t<div class=\"elementor-element elementor-element-d3e2329 e-flex e-con-boxed parallax_section_no qode_elementor_container_no e-con e-parent\" data-id=\"d3e2329\" data-element_type=\"container\" data-settings=\"{&quot;content_width&quot;:&quot;boxed&quot;}\" data-core-v316-plus=\"true\">\n\t\t\t\t\t<div class=\"e-con-inner\">\n\t\t<div class=\"elementor-element elementor-element-47ac94a e-con-full e-flex parallax_section_no qode_elementor_container_no e-con e-child\" data-id=\"47ac94a\" data-element_type=\"container\" data-settings=\"{&quot;content_width&quot;:&quot;full&quot;}\">\n\t\t\t\t<div class=\"elementor-element elementor-element-fbe7c10 elementor-widget elementor-widget-image\" data-id=\"fbe7c10\" data-element_type=\"widget\" data-widget_type=\"image.default\">\n\t\t\t\t<div class=\"elementor-widget-container\">\n\t\t\t<style>\/*! elementor - v3.18.0 - 20-12-2023 *\/\n.elementor-widget-image{text-align:center}.elementor-widget-image a{display:inline-block}.elementor-widget-image a img[src$=\".svg\"]{width:48px}.elementor-widget-image img{vertical-align:middle;display:inline-block}<\/style>\t\t\t\t\t\t\t\t\t<figure class=\"wp-caption\">\n\t\t\t\t\t\t\t\t\t\t<img fetchpriority=\"high\" decoding=\"async\" width=\"250\" height=\"301\" src=\"https:\/\/osfer.com.br\/wp-content\/uploads\/2024\/03\/maestro.jpg\" class=\"attachment-large size-large wp-image-613\" alt=\"\" \/>\t\t\t\t\t\t\t\t\t\t\t<figcaption class=\"widget-image-caption wp-caption-text\">Em dezembro de 2011, participou da 65\u00aa Mid West Clinic (Confer\u00eancia Internacional de Bandas e Orquestras) em Chicago, Estados Unidos.<\/figcaption>\n\t\t\t\t\t\t\t\t\t\t<\/figure>\n\t\t\t\t\t\t\t\t\t<\/div>\n\t\t\t\t<\/div>\n\t\t\t\t<\/div>\n\t\t<div class=\"elementor-element elementor-element-3dab695 e-con-full e-flex parallax_section_no qode_elementor_container_no e-con e-child\" data-id=\"3dab695\" data-element_type=\"container\" data-settings=\"{&quot;content_width&quot;:&quot;full&quot;}\">\n\t\t\t\t<div class=\"elementor-element elementor-element-c06005f elementor-widget elementor-widget-text-editor\" data-id=\"c06005f\" data-element_type=\"widget\" data-widget_type=\"text-editor.default\">\n\t\t\t\t<div class=\"elementor-widget-container\">\n\t\t\t\t\t\t\t<h3 style=\"font-family: 'Open Sans', Arial, sans-serif; font-weight: bold; line-height: 1.1em; color: #333333; margin-top: 20px; margin-bottom: 15px; font-size: 24px; letter-spacing: normal; text-align: justify; background-color: #ffffff;\">Lu\u00eds Fernando Paina<\/h3><p style=\"margin-bottom: 10px; color: #656565; font-family: 'Open Sans', Arial, sans-serif; font-size: 14px; text-align: justify; background-color: #ffffff;\">Lu\u00eds Fernando Paina. Diretor art\u00edstico e regente da Orquestra de Sopros de Fernand\u00f3polis. Graduado em educa\u00e7\u00e3o f\u00edsica, com especializa\u00e7\u00e3o em educa\u00e7\u00e3o especial, criou diversos projetos da orquestra, trazendo um dinamismo incontest\u00e1vel \u00e0 institui\u00e7\u00e3o.<br \/><br \/>Iniciou seus estudos musicais na pr\u00f3pria Corpora\u00e7\u00e3o Musical de Fernand\u00f3polis, aperfei\u00e7oando-se mais tarde como saxofonista e clarinetista no Conservat\u00f3rio de Tatu\u00ed, participando de in\u00fameros cursos com renomados professores, como James Houlik (EUA), Milles Osland (EUA), Carlos Malta, Humberto Ara\u00fajo, Felipe Sales e Vandin Arski. Na \u00e1rea de reg\u00eancia para bandas, estudou com o maestro Jonas S. Ferreira em S\u00e3o Jos\u00e9 do Rio Preto e, posteriormente, com o maestro Dario Sotelo no Conservat\u00f3rio de Tatu\u00ed.<br \/><br \/>Participou de diversos festivais em Campos do Jord\u00e3o e Tatu\u00ed, recebendo orienta\u00e7\u00f5es de importantes regentes, como Richard Miles (EUA), Dr. H. Dwight Satterwhite (EUA), Cel. Arnold Gabriel (EUA) e Pamela Bustos (EUA).<br \/><br \/>Registrou presen\u00e7a no \u201c1\u00ba Encontro de Compositores, Arranjadores e Maestros para Banda do Memorial da Am\u00e9rica Latina\u201d, na cidade de S\u00e3o Paulo. Em 2010 e 2011, foi professor no \u201cFestival de Inverno de Ouro Preto\u201d, onde tamb\u00e9m dirigiu a banda do festival.<\/p>\t\t\t\t\t\t<\/div>\n\t\t\t\t<\/div>\n\t\t\t\t<\/div>\n\t\t\t\t\t<\/div>\n\t\t\t\t<\/div>\n\t\t\t\t\t\t\t<\/div>\n\t\t","protected":false},"excerpt":{"rendered":"<p>MAESTRO Em dezembro de 2011, participou da 65\u00aa Mid West Clinic (Confer\u00eancia Internacional de Bandas e Orquestras) em Chicago, Estados Unidos. Lu\u00eds Fernando Paina Lu\u00eds Fernando Paina. Diretor art\u00edstico e regente da Orquestra de Sopros de Fernand\u00f3polis. Graduado em educa\u00e7\u00e3o f\u00edsica, com especializa\u00e7\u00e3o em educa\u00e7\u00e3o&#8230;<\/p>\n","protected":false},"author":1,"featured_media":0,"parent":0,"menu_order":0,"comment_status":"closed","ping_status":"closed","template":"full_width.php","meta":{"content-type":"","footnotes":""},"class_list":["post-611","page","type-page","status-publish","hentry"],"_links":{"self":[{"href":"https:\/\/osfer.com.br\/index.php?rest_route=\/wp\/v2\/pages\/611","targetHints":{"allow":["GET"]}}],"collection":[{"href":"https:\/\/osfer.com.br\/index.php?rest_route=\/wp\/v2\/pages"}],"about":[{"href":"https:\/\/osfer.com.br\/index.php?rest_route=\/wp\/v2\/types\/page"}],"author":[{"embeddable":true,"href":"https:\/\/osfer.com.br\/index.php?rest_route=\/wp\/v2\/users\/1"}],"replies":[{"embeddable":true,"href":"https:\/\/osfer.com.br\/index.php?rest_route=%2Fwp%2Fv2%2Fcomments&post=611"}],"version-history":[{"count":14,"href":"https:\/\/osfer.com.br\/index.php?rest_route=\/wp\/v2\/pages\/611\/revisions"}],"predecessor-version":[{"id":1575,"href":"https:\/\/osfer.com.br\/index.php?rest_route=\/wp\/v2\/pages\/611\/revisions\/1575"}],"wp:attachment":[{"href":"https:\/\/osfer.com.br\/index.php?rest_route=%2Fwp%2Fv2%2Fmedia&parent=611"}],"curies":[{"name":"wp","href":"https:\/\/api.w.org\/{rel}","templated":true}]}}