{"id":740,"date":"2024-03-03T21:42:22","date_gmt":"2024-03-03T21:42:22","guid":{"rendered":"https:\/\/osfer.com.br\/?page_id=740"},"modified":"2024-07-19T17:18:29","modified_gmt":"2024-07-19T17:18:29","slug":"agendas","status":"publish","type":"page","link":"https:\/\/osfer.com.br\/?page_id=740","title":{"rendered":"AGENDAS"},"content":{"rendered":"\t\t<div data-elementor-type=\"wp-page\" data-elementor-id=\"740\" class=\"elementor elementor-740\">\n\t\t\t\t\t\t\t\t\t<section class=\"elementor-section elementor-top-section elementor-element elementor-element-6d281a3 elementor-section-full_width elementor-section-height-default elementor-section-height-default parallax_section_no qode_elementor_container_no\" data-id=\"6d281a3\" data-element_type=\"section\" data-settings=\"{&quot;background_background&quot;:&quot;classic&quot;}\">\n\t\t\t\t\t\t<div class=\"elementor-container elementor-column-gap-default\">\n\t\t\t\t\t<div class=\"elementor-column elementor-col-100 elementor-top-column elementor-element elementor-element-8d93890\" data-id=\"8d93890\" data-element_type=\"column\" data-settings=\"{&quot;background_background&quot;:&quot;classic&quot;}\">\n\t\t\t<div class=\"elementor-widget-wrap elementor-element-populated\">\n\t\t\t\t\t\t\t\t<div class=\"elementor-element elementor-element-c23fa26 elementor-widget__width-initial elementor-widget elementor-widget-heading\" data-id=\"c23fa26\" data-element_type=\"widget\" data-widget_type=\"heading.default\">\n\t\t\t\t<div class=\"elementor-widget-container\">\n\t\t\t<style>\/*! elementor - v3.18.0 - 20-12-2023 *\/\n.elementor-heading-title{padding:0;margin:0;line-height:1}.elementor-widget-heading .elementor-heading-title[class*=elementor-size-]>a{color:inherit;font-size:inherit;line-height:inherit}.elementor-widget-heading .elementor-heading-title.elementor-size-small{font-size:15px}.elementor-widget-heading .elementor-heading-title.elementor-size-medium{font-size:19px}.elementor-widget-heading .elementor-heading-title.elementor-size-large{font-size:29px}.elementor-widget-heading .elementor-heading-title.elementor-size-xl{font-size:39px}.elementor-widget-heading .elementor-heading-title.elementor-size-xxl{font-size:59px}<\/style><h3 class=\"elementor-heading-title elementor-size-default\">AGENDAS<\/h3>\t\t<\/div>\n\t\t\t\t<\/div>\n\t\t\t\t\t<\/div>\n\t\t<\/div>\n\t\t\t\t\t\t\t<\/div>\n\t\t<\/section>\n\t\t<div class=\"elementor-element elementor-element-0afe8d6 e-flex e-con-boxed parallax_section_no qode_elementor_container_no e-con e-parent\" data-id=\"0afe8d6\" data-element_type=\"container\" data-settings=\"{&quot;content_width&quot;:&quot;boxed&quot;}\" data-core-v316-plus=\"true\">\n\t\t\t\t\t<div class=\"e-con-inner\">\n\t\t\t\t<div class=\"elementor-element elementor-element-52002d0 elementor-widget elementor-widget-bridge_workflow\" data-id=\"52002d0\" data-element_type=\"widget\" data-widget_type=\"bridge_workflow.default\">\n\t\t\t\t<div class=\"elementor-widget-container\">\n\t\t\t\n        <div class=\"qode-workflow  qode-workflow-animate\">\n            <span class=\"main-line\" style=\"\"><\/span>\n            <div class=\"qode-workflow-item\">\n    <span class=\"line\" style=\"\"><\/span>\n    <div class=\"qode-workflow-item-inner \">\n        <div class=\"qode-workflow-image left\">\n            <img fetchpriority=\"high\" decoding=\"async\" width=\"1400\" height=\"701\" src=\"https:\/\/osfer.com.br\/wp-content\/uploads\/2020\/05\/blog-img-27jpg.jpg\" class=\"attachment-full size-full\" alt=\"m\" srcset=\"https:\/\/osfer.com.br\/wp-content\/uploads\/2020\/05\/blog-img-27jpg.jpg 1400w, https:\/\/osfer.com.br\/wp-content\/uploads\/2020\/05\/blog-img-27jpg-300x150.jpg 300w, https:\/\/osfer.com.br\/wp-content\/uploads\/2020\/05\/blog-img-27jpg-1024x513.jpg 1024w, https:\/\/osfer.com.br\/wp-content\/uploads\/2020\/05\/blog-img-27jpg-768x385.jpg 768w, https:\/\/osfer.com.br\/wp-content\/uploads\/2020\/05\/blog-img-27jpg-1000x500.jpg 1000w, https:\/\/osfer.com.br\/wp-content\/uploads\/2020\/05\/blog-img-27jpg-700x351.jpg 700w, https:\/\/osfer.com.br\/wp-content\/uploads\/2020\/05\/blog-img-27jpg-1300x650.jpg 1300w\" sizes=\"(max-width: 1400px) 100vw, 1400px\" \/>        <\/div>\n        <div class=\"qode-workflow-text\">\n            <span class=\"circle\" style=\"\"><\/span>\n                            <h3>Dia dos Namorados 12\/06\/2024<\/h3>\n                                        <h6 class=\"qode-workflow-subtitle\">Evento dedicado ao dia dos namorados, venha celebrar com o seu amor!<\/h6>\n                                        <p class=\"text\">Local: Pra\u00e7a da Matriz \u00e0s 20h.<\/p>\n                    <\/div>\n    <\/div>\n<\/div><div class=\"qode-workflow-item\">\n    <span class=\"line\" style=\"\"><\/span>\n    <div class=\"qode-workflow-item-inner \">\n        <div class=\"qode-workflow-image left\">\n            <img decoding=\"async\" width=\"900\" height=\"757\" src=\"https:\/\/osfer.com.br\/wp-content\/uploads\/2021\/05\/parabens-fernandopolis-82-anos-orquestra-fernandopolis-osfer.jpg\" class=\"attachment-full size-full\" alt=\"\" srcset=\"https:\/\/osfer.com.br\/wp-content\/uploads\/2021\/05\/parabens-fernandopolis-82-anos-orquestra-fernandopolis-osfer.jpg 900w, https:\/\/osfer.com.br\/wp-content\/uploads\/2021\/05\/parabens-fernandopolis-82-anos-orquestra-fernandopolis-osfer-300x252.jpg 300w, https:\/\/osfer.com.br\/wp-content\/uploads\/2021\/05\/parabens-fernandopolis-82-anos-orquestra-fernandopolis-osfer-768x646.jpg 768w, https:\/\/osfer.com.br\/wp-content\/uploads\/2021\/05\/parabens-fernandopolis-82-anos-orquestra-fernandopolis-osfer-700x589.jpg 700w\" sizes=\"(max-width: 900px) 100vw, 900px\" \/>        <\/div>\n        <div class=\"qode-workflow-text\">\n            <span class=\"circle\" style=\"\"><\/span>\n                            <h3>Anivers\u00e1rio de Fernand\u00f3polis 22\/05\/2024<\/h3>\n                                                    <p class=\"text\">Local: Pra\u00e7a da Matriz \u00e0s 19h<\/p>\n                    <\/div>\n    <\/div>\n<\/div><div class=\"qode-workflow-item\">\n    <span class=\"line\" style=\"\"><\/span>\n    <div class=\"qode-workflow-item-inner \">\n        <div class=\"qode-workflow-image left\">\n            <img decoding=\"async\" width=\"284\" height=\"177\" src=\"https:\/\/osfer.com.br\/wp-content\/uploads\/2020\/05\/como-a-musica-pode-ajudar-03.jpg\" class=\"attachment-full size-full\" alt=\"\" \/>        <\/div>\n        <div class=\"qode-workflow-text\">\n            <span class=\"circle\" style=\"\"><\/span>\n                            <h3>Dia das Crian\u00e7as 12\/10\/2023<\/h3>\n                                        <h6 class=\"qode-workflow-subtitle\">Venha comemorar com seu filho.<\/h6>\n                                        <p class=\"text\">Local: Pra\u00e7a da Matriz \u00e0s 19h.<\/p>\n                    <\/div>\n    <\/div>\n<\/div>        <\/div>\n\n        \t\t<\/div>\n\t\t\t\t<\/div>\n\t\t\t\t\t<\/div>\n\t\t\t\t<\/div>\n\t\t\t\t\t\t\t<\/div>\n\t\t","protected":false},"excerpt":{"rendered":"<p>AGENDAS Dia dos Namorados 12\/06\/2024 Evento dedicado ao dia dos namorados, venha celebrar com o seu amor! Local: Pra\u00e7a da Matriz \u00e0s 20h. Anivers\u00e1rio de Fernand\u00f3polis 22\/05\/2024 Local: Pra\u00e7a da Matriz \u00e0s 19h Dia das Crian\u00e7as 12\/10\/2023 Venha comemorar com seu filho. Local: Pra\u00e7a da&#8230;<\/p>\n","protected":false},"author":1,"featured_media":0,"parent":0,"menu_order":0,"comment_status":"closed","ping_status":"closed","template":"full_width.php","meta":{"content-type":"","footnotes":""},"class_list":["post-740","page","type-page","status-publish","hentry"],"_links":{"self":[{"href":"https:\/\/osfer.com.br\/index.php?rest_route=\/wp\/v2\/pages\/740","targetHints":{"allow":["GET"]}}],"collection":[{"href":"https:\/\/osfer.com.br\/index.php?rest_route=\/wp\/v2\/pages"}],"about":[{"href":"https:\/\/osfer.com.br\/index.php?rest_route=\/wp\/v2\/types\/page"}],"author":[{"embeddable":true,"href":"https:\/\/osfer.com.br\/index.php?rest_route=\/wp\/v2\/users\/1"}],"replies":[{"embeddable":true,"href":"https:\/\/osfer.com.br\/index.php?rest_route=%2Fwp%2Fv2%2Fcomments&post=740"}],"version-history":[{"count":62,"href":"https:\/\/osfer.com.br\/index.php?rest_route=\/wp\/v2\/pages\/740\/revisions"}],"predecessor-version":[{"id":2708,"href":"https:\/\/osfer.com.br\/index.php?rest_route=\/wp\/v2\/pages\/740\/revisions\/2708"}],"wp:attachment":[{"href":"https:\/\/osfer.com.br\/index.php?rest_route=%2Fwp%2Fv2%2Fmedia&parent=740"}],"curies":[{"name":"wp","href":"https:\/\/api.w.org\/{rel}","templated":true}]}}